{"id":1201,"date":"2017-01-19T09:32:20","date_gmt":"2017-01-19T08:32:20","guid":{"rendered":"http:\/\/cine3d.ch\/?page_id=1201"},"modified":"2017-01-29T14:29:29","modified_gmt":"2017-01-29T13:29:29","slug":"la-nuit-de-lours-2012-2-2-3-2","status":"publish","type":"page","link":"http:\/\/cine3d.ch\/?page_id=1201","title":{"rendered":"Max &#038; Co (2007)"},"content":{"rendered":"<p>[vc_row row_type=\u00a0\u00bbrow\u00a0\u00bb use_row_as_full_screen_section=\u00a0\u00bbno\u00a0\u00bb type=\u00a0\u00bbgrid\u00a0\u00bb angled_section=\u00a0\u00bbno\u00a0\u00bb text_align=\u00a0\u00bbleft\u00a0\u00bb background_image_as_pattern=\u00a0\u00bbwithout_pattern\u00a0\u00bb css_animation=\u00a0\u00bb\u00a0\u00bb][vc_column][vc_single_image image=\u00a0\u00bb1202&Prime; img_size=\u00a0\u00bb472&#215;91&Prime; alignment=\u00a0\u00bbcenter\u00a0\u00bb qode_css_animation=\u00a0\u00bb\u00a0\u00bb][\/vc_column][\/vc_row][vc_row row_type=\u00a0\u00bbrow\u00a0\u00bb use_row_as_full_screen_section=\u00a0\u00bbno\u00a0\u00bb type=\u00a0\u00bbfull_width\u00a0\u00bb angled_section=\u00a0\u00bbno\u00a0\u00bb text_align=\u00a0\u00bbleft\u00a0\u00bb background_image_as_pattern=\u00a0\u00bbwithout_pattern\u00a0\u00bb css_animation=\u00a0\u00bb\u00a0\u00bb][vc_column][vc_empty_space][\/vc_column][\/vc_row][vc_row row_type=\u00a0\u00bbrow\u00a0\u00bb use_row_as_full_screen_section=\u00a0\u00bbno\u00a0\u00bb type=\u00a0\u00bbgrid\u00a0\u00bb angled_section=\u00a0\u00bbno\u00a0\u00bb text_align=\u00a0\u00bbcenter\u00a0\u00bb background_image_as_pattern=\u00a0\u00bbwithout_pattern\u00a0\u00bb css_animation=\u00a0\u00bb\u00a0\u00bb][vc_column]<a  itemprop=\"url\" href=\"http:\/\/www.allocine.fr\/film\/fichefilm_gen_cfilm=125323.html\" target=\"_self\" data-hover-background-color=#000000 data-hover-border-color=#000000 data-hover-color=#c6c6c6 class=\"qbutton  small enlarge\" style=\"color: #ffffff; border-color: #000000; font-style: normal; font-weight: 300; background-color: #000000;\">allocine \/ VOD<i class=\"qode_icon_font_awesome fa fa-external-link qode_button_icon_element\" style=\"color: #ffffff;\" ><\/i><\/a>[\/vc_column][\/vc_row][vc_row row_type=\u00a0\u00bbrow\u00a0\u00bb use_row_as_full_screen_section=\u00a0\u00bbno\u00a0\u00bb type=\u00a0\u00bbfull_width\u00a0\u00bb angled_section=\u00a0\u00bbno\u00a0\u00bb text_align=\u00a0\u00bbleft\u00a0\u00bb background_image_as_pattern=\u00a0\u00bbwithout_pattern\u00a0\u00bb css_animation=\u00a0\u00bb\u00a0\u00bb][vc_column][vc_empty_space][\/vc_column][\/vc_row][vc_row row_type=\u00a0\u00bbrow\u00a0\u00bb use_row_as_full_screen_section=\u00a0\u00bbno\u00a0\u00bb type=\u00a0\u00bbfull_width\u00a0\u00bb angled_section=\u00a0\u00bbno\u00a0\u00bb text_align=\u00a0\u00bbleft\u00a0\u00bb background_image_as_pattern=\u00a0\u00bbwithout_pattern\u00a0\u00bb css_animation=\u00a0\u00bb\u00a0\u00bb][vc_column][vc_tabs style=\u00a0\u00bbhorizontal\u00a0\u00bb][vc_tab title=\u00a0\u00bbimages\u00a0\u00bb tab_id=\u00a0\u00bb1484684479300-2-3&Prime;][vc_gallery interval=\u00a0\u00bb3&Prime; images=\u00a0\u00bb421,420,419,418,417,416,414,413,411,410,409,407,406,403,402,397,393,394,395,401,400&Prime; img_size=\u00a0\u00bbfull\u00a0\u00bb][\/vc_tab][vc_tab title=\u00a0\u00bbpitch\u00a0\u00bb tab_id=\u00a0\u00bba5618a2d-977c-8&Prime;][vc_column_text]<\/p>\n<div class=\"vc_col-sm-6 wpb_column vc_column_container vc_custom_1427718485064\">\n<div class=\"wpb_wrapper\">\n<div class=\"wpb_text_column wpb_content_element \">\n<div class=\"wpb_wrapper\">\n<div class=\"col2\">\n<p>\u00c0 quinze ans, Max part \u00e0 Saint-Hilare, o\u00f9 il esp\u00e8re trouver son p\u00e8re, le fameux Johnny Bigoude, disparu quelque temps avant sa naissance. En chemin, il rencontre Sam, un forain fantasque et roublard, qui s&rsquo;y rend lui aussi pour assister \u00e0 la f\u00eate de la tapette \u00e0 mouches. Saint-Hilare est le fief de Bzzz &amp; Co, c\u00e9l\u00e8bre fabrique de tapettes \u00e0 mouches, dirig\u00e9e par Rodolfo, un h\u00e9ritier tr\u00e8s fin de race. Max deviendra l\u2019idole de F\u00e9licie, une gamine d\u00e9lur\u00e9e, et le prot\u00e9g\u00e9 de Madame Doudou la vieille institutrice du village qui convaincra Rodolfo de l\u2019engager comme musicien d\u2019ascenseur.<\/p>\n<\/div>\n<div class=\"cleaner\"><\/div>\n<div class=\"cleaner\"><\/div>\n<p>15-year-old Max sets off for Saint-Hilare in search of his father, the famous troubadour Johnny Bigoude, who disappeared shortly before Max&rsquo;s birth. He is waylaid by Sam, a rascally fairground entertainer, and introduced to the delights of the amazing Fly Swatter Festival. When Max finally gets there, Saint-Hilare turns out to be the private kingdom of Bzzz &amp; Co., infamous manufacturers of flyswatters, run by the degenerate Rodolfo. Musical virtuoso Max makes a big impression, especially on smart, lovely, resourceful Felicie, who convinces Rodolfo to hire him&#8230;<\/p>\n<\/div>\n<\/div>\n<\/div>\n<\/div>\n<p>[\/vc_column_text][\/vc_tab][vc_tab title=\u00a0\u00bbvideos\u00a0\u00bb tab_id=\u00a0\u00bb1484684489298-3-0&Prime;][vc_column_text]<\/p>\n<h2 style=\"text-align: center;\"><span style=\"color: #ffffff;\">BANDE ANNONCE CINEMA<\/span><\/h2>\n<p>[\/vc_column_text][vc_empty_space][vc_video link=\u00a0\u00bbhttps:\/\/vimeo.com\/99021976&Prime; el_width=\u00a0\u00bb90&Prime; align=\u00a0\u00bbcenter\u00a0\u00bb][vc_empty_space][vc_column_text]<\/p>\n<h2 style=\"text-align: center;\"><span style=\"color: #ffffff;\">MAKING OF<\/span><\/h2>\n<p>[\/vc_column_text][vc_video link=\u00a0\u00bbhttps:\/\/vimeo.com\/99021434&Prime; el_width=\u00a0\u00bb90&Prime; align=\u00a0\u00bbcenter\u00a0\u00bb][vc_empty_space][vc_video link=\u00a0\u00bbhttps:\/\/vimeo.com\/99021871&Prime; el_width=\u00a0\u00bb90&Prime; align=\u00a0\u00bbcenter\u00a0\u00bb][vc_empty_space][vc_video link=\u00a0\u00bbhttps:\/\/vimeo.com\/99021870&Prime; el_width=\u00a0\u00bb90&Prime; align=\u00a0\u00bbcenter\u00a0\u00bb][vc_empty_space][vc_video link=\u00a0\u00bbhttps:\/\/vimeo.com\/99021975&Prime; el_width=\u00a0\u00bb90&Prime; align=\u00a0\u00bbcenter\u00a0\u00bb][vc_empty_space][vc_video link=\u00a0\u00bbhttps:\/\/vimeo.com\/99021433&Prime; el_width=\u00a0\u00bb90&Prime; align=\u00a0\u00bbcenter\u00a0\u00bb][vc_empty_space][vc_video link=\u00a0\u00bbhttps:\/\/vimeo.com\/99021432&Prime; el_width=\u00a0\u00bb90&Prime; align=\u00a0\u00bbcenter\u00a0\u00bb][vc_empty_space][vc_video link=\u00a0\u00bbhttps:\/\/vimeo.com\/99021430&Prime; el_width=\u00a0\u00bb90&Prime; align=\u00a0\u00bbcenter\u00a0\u00bb][vc_empty_space][vc_video link=\u00a0\u00bbhttps:\/\/vimeo.com\/99021428&Prime; el_width=\u00a0\u00bb90&Prime; align=\u00a0\u00bbcenter\u00a0\u00bb][vc_empty_space][\/vc_tab][vc_tab title=\u00a0\u00bbphotos making of\u00a0\u00bb tab_id=\u00a0\u00bb1484836575046-5-7&Prime;][vc_gallery interval=\u00a0\u00bb3&Prime; images=\u00a0\u00bb390,389,388,386,383,382,381,380,378,372,371,370,369,368,367,365,364,363,362,361,360,359,358,357,356,355,354,353,352&Prime; img_size=\u00a0\u00bbfull\u00a0\u00bb][\/vc_tab][vc_tab title=\u00a0\u00bbg\u00e9n\u00e9rique\u00a0\u00bb tab_id=\u00a0\u00bb1484770926199-5-7&Prime;][vc_column_text]<\/p>\n<div id=\"overview\">\n<p style=\"text-align: center;\"><strong>Directed by: <\/strong> Samuel Guillaume, Fr\u00e9d\u00e9ric Guillaume<br \/>\n<strong>Written by: <\/strong> Emmanuel Salinger, Christine Dory<\/p>\n<p style=\"text-align: center;\"><strong>World Premiere: <\/strong>June 2007<\/p>\n<p id=\"production\" style=\"text-align: center;\"><strong>Production: <\/strong> MAX-LeFilm, Cin\u00e9 Manufacture SA, Future Films Ltd., Nexus Factory, RTS Radio T\u00e9l\u00e9vision Suisse, SRG SSR<br \/>\n<strong>Producer: <\/strong> Robert Boner<br \/>\n<strong>Executive Producer: <\/strong> Beno\u00eet Dreyer<\/p>\n<p id=\"credits\" style=\"text-align: center;\"><strong>Cinematography: <\/strong> Renato Berta<br \/>\n<strong>Editing: <\/strong> Jacques Comets<br \/>\n<strong>Location Sound Mix: <\/strong> Nicolas Becker<br \/>\n<strong>Sound Editing: <\/strong> Rapha\u00ebl Sohier<br \/>\n<strong>Rerecording Sound Mix: <\/strong> St\u00e9phane Thi\u00e9baut<br \/>\n<strong>Music: <\/strong> Bruno Coulais<br \/>\n<strong>Animation: <\/strong> Guionne Leroy<br \/>\n<strong>Characters by: <\/strong> F\u00e9licie Haymoz<br \/>\n<strong>Lighting: <\/strong> Jean-Claude Lebras<br \/>\n<strong>Casting: <\/strong> Nicolas Ronchi<br \/>\n<strong>Techniques:<\/strong> Animation de marionnettes<\/p>\n<\/div>\n<p>[\/vc_column_text][\/vc_tab][vc_tab title=\u00a0\u00bbinfos\u00a0\u00bb tab_id=\u00a0\u00bb0dc78f23-7047-7&Prime;][vc_column_text]<strong>Animation<\/strong>, stop motion, 35mm, 76 min, 2007[\/vc_column_text][\/vc_tab][\/vc_tabs][\/vc_column][\/vc_row]<\/p>\n","protected":false},"excerpt":{"rendered":"<p>[vc_row row_type=\u00a0\u00bbrow\u00a0\u00bb use_row_as_full_screen_section=\u00a0\u00bbno\u00a0\u00bb type=\u00a0\u00bbgrid\u00a0\u00bb angled_section=\u00a0\u00bbno\u00a0\u00bb text_align=\u00a0\u00bbleft\u00a0\u00bb background_image_as_pattern=\u00a0\u00bbwithout_pattern\u00a0\u00bb css_animation=\u00a0\u00bb\u00a0\u00bb][vc_column][vc_single_image image=\u00a0\u00bb1202&Prime; img_size=\u00a0\u00bb472&#215;91&Prime; alignment=\u00a0\u00bbcenter\u00a0\u00bb qode_css_animation=\u00a0\u00bb\u00a0\u00bb][\/vc_column][\/vc_row][vc_row row_type=\u00a0\u00bbrow\u00a0\u00bb use_row_as_full_screen_section=\u00a0\u00bbno\u00a0\u00bb type=\u00a0\u00bbfull_width\u00a0\u00bb angled_section=\u00a0\u00bbno\u00a0\u00bb text_align=\u00a0\u00bbleft\u00a0\u00bb background_image_as_pattern=\u00a0\u00bbwithout_pattern\u00a0\u00bb css_animation=\u00a0\u00bb\u00a0\u00bb][vc_column][vc_empty_space][\/vc_column][\/vc_row][vc_row row_type=\u00a0\u00bbrow\u00a0\u00bb use_row_as_full_screen_section=\u00a0\u00bbno\u00a0\u00bb type=\u00a0\u00bbgrid\u00a0\u00bb angled_section=\u00a0\u00bbno\u00a0\u00bb text_align=\u00a0\u00bbcenter\u00a0\u00bb background_image_as_pattern=\u00a0\u00bbwithout_pattern\u00a0\u00bb css_animation=\u00a0\u00bb\u00a0\u00bb][vc_column][\/vc_column][\/vc_row][vc_row row_type=\u00a0\u00bbrow\u00a0\u00bb use_row_as_full_screen_section=\u00a0\u00bbno\u00a0\u00bb type=\u00a0\u00bbfull_width\u00a0\u00bb angled_section=\u00a0\u00bbno\u00a0\u00bb text_align=\u00a0\u00bbleft\u00a0\u00bb background_image_as_pattern=\u00a0\u00bbwithout_pattern\u00a0\u00bb css_animation=\u00a0\u00bb\u00a0\u00bb][vc_column][vc_empty_space][\/vc_column][\/vc_row][vc_row row_type=\u00a0\u00bbrow\u00a0\u00bb use_row_as_full_screen_section=\u00a0\u00bbno\u00a0\u00bb type=\u00a0\u00bbfull_width\u00a0\u00bb angled_section=\u00a0\u00bbno\u00a0\u00bb text_align=\u00a0\u00bbleft\u00a0\u00bb background_image_as_pattern=\u00a0\u00bbwithout_pattern\u00a0\u00bb css_animation=\u00a0\u00bb\u00a0\u00bb][vc_column][vc_tabs style=\u00a0\u00bbhorizontal\u00a0\u00bb][vc_tab title=\u00a0\u00bbimages\u00a0\u00bb tab_id=\u00a0\u00bb1484684479300-2-3&Prime;][vc_gallery interval=\u00a0\u00bb3&Prime; images=\u00a0\u00bb421,420,419,418,417,416,414,413,411,410,409,407,406,403,402,397,393,394,395,401,400&Prime;&#8230;<\/p>\n","protected":false},"author":2,"featured_media":0,"parent":0,"menu_order":0,"comment_status":"closed","ping_status":"closed","template":"","meta":[],"_links":{"self":[{"href":"http:\/\/cine3d.ch\/index.php?rest_route=\/wp\/v2\/pages\/1201"}],"collection":[{"href":"http:\/\/cine3d.ch\/index.php?rest_route=\/wp\/v2\/pages"}],"about":[{"href":"http:\/\/cine3d.ch\/index.php?rest_route=\/wp\/v2\/types\/page"}],"author":[{"embeddable":true,"href":"http:\/\/cine3d.ch\/index.php?rest_route=\/wp\/v2\/users\/2"}],"replies":[{"embeddable":true,"href":"http:\/\/cine3d.ch\/index.php?rest_route=%2Fwp%2Fv2%2Fcomments&post=1201"}],"version-history":[{"count":12,"href":"http:\/\/cine3d.ch\/index.php?rest_route=\/wp\/v2\/pages\/1201\/revisions"}],"predecessor-version":[{"id":1470,"href":"http:\/\/cine3d.ch\/index.php?rest_route=\/wp\/v2\/pages\/1201\/revisions\/1470"}],"wp:attachment":[{"href":"http:\/\/cine3d.ch\/index.php?rest_route=%2Fwp%2Fv2%2Fmedia&parent=1201"}],"curies":[{"name":"wp","href":"https:\/\/api.w.org\/{rel}","templated":true}]}}