{"id":1264,"date":"2017-01-21T12:55:38","date_gmt":"2017-01-21T11:55:38","guid":{"rendered":"http:\/\/cine3d.ch\/?page_id=1264"},"modified":"2017-01-28T19:09:43","modified_gmt":"2017-01-28T18:09:43","slug":"la-nuit-de-lours-2012-2-2-3-7","status":"publish","type":"page","link":"http:\/\/cine3d.ch\/?page_id=1264","title":{"rendered":"Jolieville (2012)"},"content":{"rendered":"<p>[vc_row row_type=\u00a0\u00bbrow\u00a0\u00bb use_row_as_full_screen_section=\u00a0\u00bbno\u00a0\u00bb type=\u00a0\u00bbgrid\u00a0\u00bb angled_section=\u00a0\u00bbno\u00a0\u00bb text_align=\u00a0\u00bbleft\u00a0\u00bb background_image_as_pattern=\u00a0\u00bbwithout_pattern\u00a0\u00bb css_animation=\u00a0\u00bb\u00a0\u00bb][vc_column][vc_single_image image=\u00a0\u00bb1263&Prime; img_size=\u00a0\u00bb402&#215;254&Prime; alignment=\u00a0\u00bbcenter\u00a0\u00bb qode_css_animation=\u00a0\u00bb\u00a0\u00bb][\/vc_column][\/vc_row][vc_row row_type=\u00a0\u00bbrow\u00a0\u00bb use_row_as_full_screen_section=\u00a0\u00bbno\u00a0\u00bb type=\u00a0\u00bbfull_width\u00a0\u00bb angled_section=\u00a0\u00bbno\u00a0\u00bb text_align=\u00a0\u00bbleft\u00a0\u00bb background_image_as_pattern=\u00a0\u00bbwithout_pattern\u00a0\u00bb css_animation=\u00a0\u00bb\u00a0\u00bb][vc_column][vc_empty_space][\/vc_column][\/vc_row][vc_row row_type=\u00a0\u00bbrow\u00a0\u00bb use_row_as_full_screen_section=\u00a0\u00bbno\u00a0\u00bb type=\u00a0\u00bbgrid\u00a0\u00bb angled_section=\u00a0\u00bbno\u00a0\u00bb text_align=\u00a0\u00bbcenter\u00a0\u00bb background_image_as_pattern=\u00a0\u00bbwithout_pattern\u00a0\u00bb css_animation=\u00a0\u00bb\u00a0\u00bb][vc_column width=\u00a0\u00bb1\/3&Prime;]<a  itemprop=\"url\" href=\"http:\/\/www.jolieville.ch\/\" target=\"_self\" data-hover-background-color=#000000 data-hover-border-color=#000000 data-hover-color=#c6c6c6 class=\"qbutton  small enlarge\" style=\"color: #ffffff; border-color: #000000; font-style: normal; font-weight: 300; background-color: #000000;\">site web<i class=\"qode_icon_font_awesome fa fa-external-link qode_button_icon_element\" style=\"color: #ffffff;\" ><\/i><\/a>[\/vc_column][vc_column width=\u00a0\u00bb1\/3&Prime;]<a  itemprop=\"url\" href=\"http:\/\/www.rts.ch\/play\/tv\/12h45\/video\/les-freres-guillaume-presentent-ce-week-end-leur-projet-jolieville-a-la-place-georges-python-fr-entretien-avec-frederic-guillaume?id=4240199\" target=\"_self\" data-hover-background-color=#000000 data-hover-border-color=#000000 data-hover-color=#c6c6c6 class=\"qbutton  small enlarge\" style=\"color: #ffffff; border-color: #000000; font-style: normal; font-weight: 300; background-color: #000000;\">duplex inauguration (RTS)<i class=\"qode_icon_font_awesome fa fa-external-link qode_button_icon_element\" style=\"color: #ffffff;\" ><\/i><\/a>[\/vc_column][vc_column width=\u00a0\u00bb1\/3&Prime;]<a  itemprop=\"url\" href=\"http:\/\/cine3d.ch\/wp-content\/uploads\/2017\/01\/1303_05_JOLIEVILLE_A4_fr_medium.pdf\" target=\"_self\" data-hover-background-color=#000000 data-hover-border-color=#000000 data-hover-color=#c6c6c6 class=\"qbutton  small enlarge\" style=\"color: #ffffff; border-color: #000000; font-style: normal; font-weight: 300; background-color: #000000;\">dossier<i class=\"qode_icon_font_awesome fa fa-file-pdf-o qode_button_icon_element\" style=\"color: #ffffff;\" ><\/i><\/a>[\/vc_column][\/vc_row][vc_row row_type=\u00a0\u00bbrow\u00a0\u00bb use_row_as_full_screen_section=\u00a0\u00bbno\u00a0\u00bb type=\u00a0\u00bbfull_width\u00a0\u00bb angled_section=\u00a0\u00bbno\u00a0\u00bb text_align=\u00a0\u00bbleft\u00a0\u00bb background_image_as_pattern=\u00a0\u00bbwithout_pattern\u00a0\u00bb css_animation=\u00a0\u00bb\u00a0\u00bb][vc_column][vc_empty_space][\/vc_column][\/vc_row][vc_row row_type=\u00a0\u00bbrow\u00a0\u00bb use_row_as_full_screen_section=\u00a0\u00bbno\u00a0\u00bb type=\u00a0\u00bbfull_width\u00a0\u00bb angled_section=\u00a0\u00bbno\u00a0\u00bb text_align=\u00a0\u00bbleft\u00a0\u00bb background_image_as_pattern=\u00a0\u00bbwithout_pattern\u00a0\u00bb css_animation=\u00a0\u00bb\u00a0\u00bb][vc_column][vc_tabs style=\u00a0\u00bbhorizontal\u00a0\u00bb][vc_tab title=\u00a0\u00bbimages\u00a0\u00bb tab_id=\u00a0\u00bb1484684479300-2-3&Prime;][vc_gallery interval=\u00a0\u00bb3&Prime; images=\u00a0\u00bb173,172,171,170,186,187,188&Prime; img_size=\u00a0\u00bbfull\u00a0\u00bb][\/vc_tab][vc_tab title=\u00a0\u00bbpitch\u00a0\u00bb tab_id=\u00a0\u00bba5618a2d-977c-8&Prime;][vc_column_text]<\/p>\n<div class=\"vc_col-sm-6 wpb_column vc_column_container vc_custom_1427718485064\">\n<div class=\"wpb_wrapper\">\n<div class=\"wpb_text_column wpb_content_element \">\n<div class=\"wpb_wrapper\">\n<p>Imaginez un quartier r\u00e9sidentiel pimpant avec son lot de petits rituels quotidiens.\u2028Tout soudain, l\u2019ordre des choses s\u2019enraye ou se d\u00e9cale, engendrant autant de tragicom\u00e9dies \u00abminuscules\u00bb, perp\u00e9tr\u00e9es dans l\u2019esprit frondeur de Jacques Tati.\u2028R\u00e9alisateurs de Max &amp; Co, Samuel et Fr\u00e9d\u00e9ric Guillaume ont \u00e9labor\u00e9 le projet de JOLIEVILLE sp\u00e9cialement pour le Prix culturel Migros 2010 en collaboration avec la metteuse en sc\u00e8ne Sylviane Tille.\u2028Passionn\u00e9s par la projection en relief (3D), ils en ont appliqu\u00e9 les vertus hallucinatoires pour \u00abr\u00e9enchanter\u00bb notre petit monde p\u00e9ri-urbain, avec une pointe d\u2019humour, histoire de rafra\u00eechir le regard que nous portons sur nous-m\u00eames.<br \/>\nAlliage in\u00e9dit de haute technologie et de tendre proximit\u00e9 humaine, cette po\u00e9tisation humoristique de l\u2019habitat donne mati\u00e8re \u00e0 une s\u00e9rie de courts-m\u00e9trages \u00e0 d\u00e9couvrir dans des bo\u00eetes \u00e0 images qui r\u00e9actualisent les kin\u00e9toscopes d\u2019antan. JOLIEVILLE est un projet pr\u00e9sent\u00e9 en priorit\u00e9 dans l\u2019espace public, gratuitement et hors d\u2019un cadre culturel, afin d\u2019amener le cin\u00e9ma l\u00e0 ou on ne l\u2019attend pas.<\/p>\n<\/div>\n<\/div>\n<\/div>\n<\/div>\n<p>[\/vc_column_text][\/vc_tab][vc_tab title=\u00a0\u00bbposter\u00a0\u00bb tab_id=\u00a0\u00bb1484685347676-4-2&Prime;][vc_single_image image=\u00a0\u00bb1271&Prime; img_size=\u00a0\u00bb475&#215;612&Prime; alignment=\u00a0\u00bbcenter\u00a0\u00bb qode_css_animation=\u00a0\u00bb\u00a0\u00bb][\/vc_tab][vc_tab title=\u00a0\u00bbg\u00e9n\u00e9rique\u00a0\u00bb tab_id=\u00a0\u00bb1484770926199-5-7&Prime;][vc_column_text]<\/p>\n<div class=\"page\" title=\"Page 9\">\n<div class=\"section\">\n<div class=\"layoutArea\">\n<div class=\"column\">\n<p style=\"text-align: center;\">Concept, technique, r\u00e9alisation: Sam et Fred Guillaume<br \/>\nProduction: Cine3d<br \/>\nMise en sc\u00e8ne: Sylviane Tille<br \/>\nAssistanat mise en sc\u00e8ne: Sarah Eltschinger<br \/>\nPost-production: Camilo de Martino, Sam Guillaume, Jean Depierraz (Sapristi studio), Dimitri Barras Son: Sam Guillaume<\/p>\n<p style=\"text-align: center;\">Photographie de plateau: Yoann Corth\u00e9sy Pyrotechnie: Philippe Fragni\u00e8re<br \/>\nCatering: Sandra Pellet<\/p>\n<p>Acteurs: Monique Baechler, Simon Bonvin, Samira Br\u00fclhart, Chantal Bu\u0308rgy, Bryan B\u00fcrgy, Juliette Caron, V\u00e9ronique Donzallas, Philippe Fragni\u00e8re, G\u00e9raldine Fr\u00e9mond, Tim George, Marie-Dominique Gremaud, Eva Gremaud, Brigitte Gothuey, Francis Guillaume, David Guillaume, Val\u00e9rie Guillaume, Sam Gothuey, Benjamin Gothuey, Timoth\u00e9 Gothuey, Mr Hermann, Mme Hermann, Nils Hermann, L\u00e9a Hermann, Monique Marmy, Flore Martinson, Julien Meyer, Mariette Monnairon, Marcel Michaud, Yohan Mauron, Katy Murr, Beno\u00eet Perriard, Masha Perriard, Oph\u00e9lie de Pury, Patrick Pauchard, Yann Philipona, Merveille Preslin, Christophe Pichon, L\u00e9o Quattropani, Zora Quattropani, Florence Quattropani, Nolan Renard, No\u00e9 Ray, Auxanne Ray, Charlotte Ray, Raphael Renzi, Judith Renard, Simon Renard, Amael Renard, Margot Sciboz, Catherine Sciboz, Daniel Stevan, Laurence Vauthey, Assouan, Tipex, Virgule.<\/p>\n<p style=\"text-align: center;\">MERCI A TOUS LES HABITANTS POUR LEUR ACCUEIL ET LEUR COLLABORATION<\/p>\n<\/div>\n<\/div>\n<\/div>\n<\/div>\n<p>[\/vc_column_text][\/vc_tab][vc_tab title=\u00a0\u00bbinfos\u00a0\u00bb tab_id=\u00a0\u00bb0dc78f23-7047-7&Prime;][vc_column_text]<\/p>\n<div class=\"page\" title=\"Page 3\">\n<div class=\"section\">\n<div class=\"layoutArea\">\n<div class=\"column\">\n<p style=\"text-align: center;\"><strong>Prix culturel Migros 2010<\/strong><\/p>\n<\/div>\n<\/div>\n<\/div>\n<\/div>\n<p>Le tournage de JOLIEVILLE a eu lieu du 8 au 10 juillet 2011 dans les villages de Posieux et de Cottens, en p\u00e9riph\u00e9rie de Fribourg. Durant trois jours, nous avons mis en bo\u00eete les 14 s\u00e9quences, aid\u00e9s par les habitants eux-m\u00eame ainsi que par de nombreux b\u00e9n\u00e9voles, acteurs et techniciens. Le tournage a \u00e9t\u00e9 possible gr\u00e2ce \u00e0 des partenaires locaux qui nous ont mis \u00e0 disposition du mat\u00e9riel et ce, gratuitement.[\/vc_column_text][\/vc_tab][\/vc_tabs][\/vc_column][\/vc_row]<\/p>\n","protected":false},"excerpt":{"rendered":"<p>[vc_row row_type=\u00a0\u00bbrow\u00a0\u00bb use_row_as_full_screen_section=\u00a0\u00bbno\u00a0\u00bb type=\u00a0\u00bbgrid\u00a0\u00bb angled_section=\u00a0\u00bbno\u00a0\u00bb text_align=\u00a0\u00bbleft\u00a0\u00bb background_image_as_pattern=\u00a0\u00bbwithout_pattern\u00a0\u00bb css_animation=\u00a0\u00bb\u00a0\u00bb][vc_column][vc_single_image image=\u00a0\u00bb1263&Prime; img_size=\u00a0\u00bb402&#215;254&Prime; alignment=\u00a0\u00bbcenter\u00a0\u00bb qode_css_animation=\u00a0\u00bb\u00a0\u00bb][\/vc_column][\/vc_row][vc_row row_type=\u00a0\u00bbrow\u00a0\u00bb use_row_as_full_screen_section=\u00a0\u00bbno\u00a0\u00bb type=\u00a0\u00bbfull_width\u00a0\u00bb angled_section=\u00a0\u00bbno\u00a0\u00bb text_align=\u00a0\u00bbleft\u00a0\u00bb background_image_as_pattern=\u00a0\u00bbwithout_pattern\u00a0\u00bb css_animation=\u00a0\u00bb\u00a0\u00bb][vc_column][vc_empty_space][\/vc_column][\/vc_row][vc_row row_type=\u00a0\u00bbrow\u00a0\u00bb use_row_as_full_screen_section=\u00a0\u00bbno\u00a0\u00bb type=\u00a0\u00bbgrid\u00a0\u00bb angled_section=\u00a0\u00bbno\u00a0\u00bb text_align=\u00a0\u00bbcenter\u00a0\u00bb background_image_as_pattern=\u00a0\u00bbwithout_pattern\u00a0\u00bb css_animation=\u00a0\u00bb\u00a0\u00bb][vc_column width=\u00a0\u00bb1\/3&Prime;][\/vc_column][vc_column width=\u00a0\u00bb1\/3&Prime;][\/vc_column][vc_column width=\u00a0\u00bb1\/3&Prime;][\/vc_column][\/vc_row][vc_row row_type=\u00a0\u00bbrow\u00a0\u00bb use_row_as_full_screen_section=\u00a0\u00bbno\u00a0\u00bb type=\u00a0\u00bbfull_width\u00a0\u00bb angled_section=\u00a0\u00bbno\u00a0\u00bb text_align=\u00a0\u00bbleft\u00a0\u00bb background_image_as_pattern=\u00a0\u00bbwithout_pattern\u00a0\u00bb css_animation=\u00a0\u00bb\u00a0\u00bb][vc_column][vc_empty_space][\/vc_column][\/vc_row][vc_row row_type=\u00a0\u00bbrow\u00a0\u00bb use_row_as_full_screen_section=\u00a0\u00bbno\u00a0\u00bb type=\u00a0\u00bbfull_width\u00a0\u00bb angled_section=\u00a0\u00bbno\u00a0\u00bb text_align=\u00a0\u00bbleft\u00a0\u00bb background_image_as_pattern=\u00a0\u00bbwithout_pattern\u00a0\u00bb css_animation=\u00a0\u00bb\u00a0\u00bb][vc_column][vc_tabs style=\u00a0\u00bbhorizontal\u00a0\u00bb][vc_tab title=\u00a0\u00bbimages\u00a0\u00bb&#8230;<\/p>\n","protected":false},"author":2,"featured_media":0,"parent":0,"menu_order":0,"comment_status":"closed","ping_status":"closed","template":"","meta":[],"_links":{"self":[{"href":"http:\/\/cine3d.ch\/index.php?rest_route=\/wp\/v2\/pages\/1264"}],"collection":[{"href":"http:\/\/cine3d.ch\/index.php?rest_route=\/wp\/v2\/pages"}],"about":[{"href":"http:\/\/cine3d.ch\/index.php?rest_route=\/wp\/v2\/types\/page"}],"author":[{"embeddable":true,"href":"http:\/\/cine3d.ch\/index.php?rest_route=\/wp\/v2\/users\/2"}],"replies":[{"embeddable":true,"href":"http:\/\/cine3d.ch\/index.php?rest_route=%2Fwp%2Fv2%2Fcomments&post=1264"}],"version-history":[{"count":10,"href":"http:\/\/cine3d.ch\/index.php?rest_route=\/wp\/v2\/pages\/1264\/revisions"}],"predecessor-version":[{"id":1449,"href":"http:\/\/cine3d.ch\/index.php?rest_route=\/wp\/v2\/pages\/1264\/revisions\/1449"}],"wp:attachment":[{"href":"http:\/\/cine3d.ch\/index.php?rest_route=%2Fwp%2Fv2%2Fmedia&parent=1264"}],"curies":[{"name":"wp","href":"https:\/\/api.w.org\/{rel}","templated":true}]}}