{"id":1494,"date":"2017-08-31T09:33:06","date_gmt":"2017-08-31T08:33:06","guid":{"rendered":"http:\/\/cine3d.ch\/?page_id=1494"},"modified":"2019-10-23T16:14:16","modified_gmt":"2019-10-23T15:14:16","slug":"la-nuit-de-lours-2012-2-2-3-6-2-3-2","status":"publish","type":"page","link":"http:\/\/cine3d.ch\/?page_id=1494","title":{"rendered":"L&rsquo;attaque des gloutons (2017)"},"content":{"rendered":"<p>[vc_row css_animation=\u00a0\u00bb\u00a0\u00bb row_type=\u00a0\u00bbrow\u00a0\u00bb use_row_as_full_screen_section=\u00a0\u00bbno\u00a0\u00bb type=\u00a0\u00bbgrid\u00a0\u00bb angled_section=\u00a0\u00bbno\u00a0\u00bb text_align=\u00a0\u00bbleft\u00a0\u00bb background_image_as_pattern=\u00a0\u00bbwithout_pattern\u00a0\u00bb][vc_column][vc_single_image image=\u00a0\u00bb1498&Prime; img_size=\u00a0\u00bb435&#215;177&Prime; alignment=\u00a0\u00bbcenter\u00a0\u00bb qode_css_animation=\u00a0\u00bb\u00a0\u00bb][\/vc_column][\/vc_row][vc_row css_animation=\u00a0\u00bb\u00a0\u00bb row_type=\u00a0\u00bbrow\u00a0\u00bb use_row_as_full_screen_section=\u00a0\u00bbno\u00a0\u00bb type=\u00a0\u00bbfull_width\u00a0\u00bb angled_section=\u00a0\u00bbno\u00a0\u00bb text_align=\u00a0\u00bbleft\u00a0\u00bb background_image_as_pattern=\u00a0\u00bbwithout_pattern\u00a0\u00bb][vc_column][vc_empty_space][\/vc_column][\/vc_row][vc_row css_animation=\u00a0\u00bb\u00a0\u00bb row_type=\u00a0\u00bbrow\u00a0\u00bb use_row_as_full_screen_section=\u00a0\u00bbno\u00a0\u00bb type=\u00a0\u00bbfull_width\u00a0\u00bb angled_section=\u00a0\u00bbno\u00a0\u00bb text_align=\u00a0\u00bbleft\u00a0\u00bb background_image_as_pattern=\u00a0\u00bbwithout_pattern\u00a0\u00bb][vc_column][vc_column_text]Un film pour inciter les \u00e9l\u00e8ves des cours de prophylaxie dentaire \u00e0 se brosser les dents. Pr\u00e9sent\u00e9 dans les classes du canton de Fribourg.[\/vc_column_text][vc_empty_space][vc_video link=\u00a0\u00bbhttps:\/\/vimeo.com\/215482123&Prime; el_width=\u00a0\u00bb70&Prime; align=\u00a0\u00bbcenter\u00a0\u00bb][\/vc_column][\/vc_row][vc_row css_animation=\u00a0\u00bb\u00a0\u00bb row_type=\u00a0\u00bbrow\u00a0\u00bb use_row_as_full_screen_section=\u00a0\u00bbno\u00a0\u00bb type=\u00a0\u00bbfull_width\u00a0\u00bb angled_section=\u00a0\u00bbno\u00a0\u00bb text_align=\u00a0\u00bbleft\u00a0\u00bb background_image_as_pattern=\u00a0\u00bbwithout_pattern\u00a0\u00bb][vc_column][vc_empty_space height=\u00a0\u00bb50px\u00a0\u00bb][\/vc_column][\/vc_row][vc_row css_animation=\u00a0\u00bb\u00a0\u00bb row_type=\u00a0\u00bbrow\u00a0\u00bb use_row_as_full_screen_section=\u00a0\u00bbno\u00a0\u00bb type=\u00a0\u00bbfull_width\u00a0\u00bb angled_section=\u00a0\u00bbno\u00a0\u00bb text_align=\u00a0\u00bbleft\u00a0\u00bb background_image_as_pattern=\u00a0\u00bbwithout_pattern\u00a0\u00bb][vc_column][vc_column_text]A la demande du service dentaire scolaire, nous avons \u00e9galement r\u00e9alis\u00e9 une version pour sourds et malentendants en fran\u00e7ais et allemand[\/vc_column_text][vc_empty_space height=\u00a0\u00bb20px\u00a0\u00bb][vc_tabs style=\u00a0\u00bbhorizontal\u00a0\u00bb][vc_tab title=\u00a0\u00bbLanguage des signes fran\u00e7ais\u00a0\u00bb tab_id=\u00a0\u00bb1571841507346-0-3&Prime;][vc_video link=\u00a0\u00bbhttps:\/\/vimeo.com\/295621331&Prime; el_width=\u00a0\u00bb70&Prime; align=\u00a0\u00bbcenter\u00a0\u00bb][\/vc_tab][vc_tab title=\u00a0\u00bbLanguage des signes allemand\u00a0\u00bb tab_id=\u00a0\u00bb1571841507376-0-5&Prime;][vc_video link=\u00a0\u00bbhttps:\/\/vimeo.com\/300271691&Prime; el_width=\u00a0\u00bb70&Prime; align=\u00a0\u00bbcenter\u00a0\u00bb][\/vc_tab][\/vc_tabs][\/vc_column][\/vc_row][vc_row css_animation=\u00a0\u00bb\u00a0\u00bb row_type=\u00a0\u00bbrow\u00a0\u00bb use_row_as_full_screen_section=\u00a0\u00bbno\u00a0\u00bb type=\u00a0\u00bbfull_width\u00a0\u00bb angled_section=\u00a0\u00bbno\u00a0\u00bb text_align=\u00a0\u00bbleft\u00a0\u00bb background_image_as_pattern=\u00a0\u00bbwithout_pattern\u00a0\u00bb][vc_column][vc_empty_space height=\u00a0\u00bb50px\u00a0\u00bb][vc_column_text]En compl\u00e9ment du film, <a href=\"http:\/\/www.gaetan.ch\">Gaetan<\/a>\u00a0a compos\u00e9 une chanson pour se brosser les dents en musique selon les recommandations des prophylaxistes.[\/vc_column_text][vc_empty_space height=\u00a0\u00bb20px\u00a0\u00bb][vc_tabs style=\u00a0\u00bbhorizontal\u00a0\u00bb][vc_tab title=\u00a0\u00bbFran\u00e7ais\u00a0\u00bb tab_id=\u00a0\u00bb1485029284729-3-9&Prime;][vc_video link=\u00a0\u00bbhttps:\/\/vimeo.com\/233272263&Prime; el_width=\u00a0\u00bb70&Prime; align=\u00a0\u00bbcenter\u00a0\u00bb][\/vc_tab][vc_tab title=\u00a0\u00bbDeutsch\u00a0\u00bb tab_id=\u00a0\u00bb1506160998055-1-6&Prime;][vc_video link=\u00a0\u00bbhttps:\/\/vimeo.com\/233273779&Prime; el_width=\u00a0\u00bb70&Prime; align=\u00a0\u00bbcenter\u00a0\u00bb][\/vc_tab][\/vc_tabs][\/vc_column][\/vc_row]<\/p>\n","protected":false},"excerpt":{"rendered":"<p>[vc_row css_animation=\u00a0\u00bb\u00a0\u00bb row_type=\u00a0\u00bbrow\u00a0\u00bb use_row_as_full_screen_section=\u00a0\u00bbno\u00a0\u00bb type=\u00a0\u00bbgrid\u00a0\u00bb angled_section=\u00a0\u00bbno\u00a0\u00bb text_align=\u00a0\u00bbleft\u00a0\u00bb background_image_as_pattern=\u00a0\u00bbwithout_pattern\u00a0\u00bb][vc_column][vc_single_image image=\u00a0\u00bb1498&Prime; img_size=\u00a0\u00bb435&#215;177&Prime; alignment=\u00a0\u00bbcenter\u00a0\u00bb qode_css_animation=\u00a0\u00bb\u00a0\u00bb][\/vc_column][\/vc_row][vc_row css_animation=\u00a0\u00bb\u00a0\u00bb row_type=\u00a0\u00bbrow\u00a0\u00bb use_row_as_full_screen_section=\u00a0\u00bbno\u00a0\u00bb type=\u00a0\u00bbfull_width\u00a0\u00bb angled_section=\u00a0\u00bbno\u00a0\u00bb text_align=\u00a0\u00bbleft\u00a0\u00bb background_image_as_pattern=\u00a0\u00bbwithout_pattern\u00a0\u00bb][vc_column][vc_empty_space][\/vc_column][\/vc_row][vc_row css_animation=\u00a0\u00bb\u00a0\u00bb row_type=\u00a0\u00bbrow\u00a0\u00bb use_row_as_full_screen_section=\u00a0\u00bbno\u00a0\u00bb type=\u00a0\u00bbfull_width\u00a0\u00bb angled_section=\u00a0\u00bbno\u00a0\u00bb text_align=\u00a0\u00bbleft\u00a0\u00bb background_image_as_pattern=\u00a0\u00bbwithout_pattern\u00a0\u00bb][vc_column][vc_column_text]Un film pour inciter les \u00e9l\u00e8ves des cours de prophylaxie dentaire \u00e0 se brosser les dents. Pr\u00e9sent\u00e9 dans les classes&#8230;<\/p>\n","protected":false},"author":2,"featured_media":0,"parent":0,"menu_order":0,"comment_status":"closed","ping_status":"closed","template":"","meta":[],"_links":{"self":[{"href":"http:\/\/cine3d.ch\/index.php?rest_route=\/wp\/v2\/pages\/1494"}],"collection":[{"href":"http:\/\/cine3d.ch\/index.php?rest_route=\/wp\/v2\/pages"}],"about":[{"href":"http:\/\/cine3d.ch\/index.php?rest_route=\/wp\/v2\/types\/page"}],"author":[{"embeddable":true,"href":"http:\/\/cine3d.ch\/index.php?rest_route=\/wp\/v2\/users\/2"}],"replies":[{"embeddable":true,"href":"http:\/\/cine3d.ch\/index.php?rest_route=%2Fwp%2Fv2%2Fcomments&post=1494"}],"version-history":[{"count":17,"href":"http:\/\/cine3d.ch\/index.php?rest_route=\/wp\/v2\/pages\/1494\/revisions"}],"predecessor-version":[{"id":1934,"href":"http:\/\/cine3d.ch\/index.php?rest_route=\/wp\/v2\/pages\/1494\/revisions\/1934"}],"wp:attachment":[{"href":"http:\/\/cine3d.ch\/index.php?rest_route=%2Fwp%2Fv2%2Fmedia&parent=1494"}],"curies":[{"name":"wp","href":"https:\/\/api.w.org\/{rel}","templated":true}]}}