{"id":1668,"date":"2018-04-06T20:01:13","date_gmt":"2018-04-06T19:01:13","guid":{"rendered":"http:\/\/cine3d.ch\/?page_id=1668"},"modified":"2019-04-12T19:45:47","modified_gmt":"2019-04-12T18:45:47","slug":"tresor-solution-filemaker-dedie-a-la-gestion-financiere-et-productionnelle-de-projets","status":"publish","type":"page","link":"http:\/\/cine3d.ch\/?page_id=1668","title":{"rendered":"TRESOR &#8211; solution d\u00e9di\u00e9e \u00e0 la gestion financi\u00e8re et productionnelle de projets"},"content":{"rendered":"<p>[vc_row row_type=\u00a0\u00bbrow\u00a0\u00bb use_row_as_full_screen_section=\u00a0\u00bbno\u00a0\u00bb type=\u00a0\u00bbfull_width\u00a0\u00bb angled_section=\u00a0\u00bbno\u00a0\u00bb text_align=\u00a0\u00bbleft\u00a0\u00bb background_image_as_pattern=\u00a0\u00bbwithout_pattern\u00a0\u00bb css_animation=\u00a0\u00bb\u00a0\u00bb][vc_column][vc_single_image image=\u00a0\u00bb1669&Prime; img_size=\u00a0\u00bbmedium\u00a0\u00bb alignment=\u00a0\u00bbcenter\u00a0\u00bb qode_css_animation=\u00a0\u00bb\u00a0\u00bb][\/vc_column][\/vc_row][vc_row row_type=\u00a0\u00bbrow\u00a0\u00bb use_row_as_full_screen_section=\u00a0\u00bbno\u00a0\u00bb type=\u00a0\u00bbfull_width\u00a0\u00bb angled_section=\u00a0\u00bbno\u00a0\u00bb text_align=\u00a0\u00bbleft\u00a0\u00bb background_image_as_pattern=\u00a0\u00bbwithout_pattern\u00a0\u00bb css_animation=\u00a0\u00bb\u00a0\u00bb][vc_column][vc_empty_space][\/vc_column][\/vc_row][vc_row row_type=\u00a0\u00bbrow\u00a0\u00bb use_row_as_full_screen_section=\u00a0\u00bbno\u00a0\u00bb type=\u00a0\u00bbfull_width\u00a0\u00bb angled_section=\u00a0\u00bbno\u00a0\u00bb text_align=\u00a0\u00bbleft\u00a0\u00bb background_image_as_pattern=\u00a0\u00bbwithout_pattern\u00a0\u00bb css_animation=\u00a0\u00bb\u00a0\u00bb][vc_column][vc_column_text]<strong>TRESOR<\/strong> est une solution Filemaker utilisable sur un seul poste ou en r\u00e9seau (via Filemaker serveur) utilisable pour la gestion financi\u00e8re et productionnelle de projets de films bas\u00e9s sur le syst\u00e8me Suisse. Cette solution est un compl\u00e9ment \u00e0 un programme comptable et permet d&rsquo;avoir en temps r\u00e9el un aper\u00e7u de l&rsquo;\u00e9tat financier des projets<\/p>\n<p>Actuellement les fonctions principales sont les suivantes: la gestions des cr\u00e9anciers et des d\u00e9biteurs, une projection de cash-flow en fonction des payements pr\u00e9vus (par projet et pour l&rsquo;ensemble de la soci\u00e9t\u00e9), la cr\u00e9ation de contrat type pour les les collaborateurs, la cr\u00e9ation de rapport LPP de diff\u00e9rents type, la gestion des d\u00e9lais de validit\u00e9 des d\u00e9cisions ( OFC, cin\u00e9forom,&#8230;), la vue d&rsquo;ensemble des sommes re\u00e7ues \/ pay\u00e9es, la gestions automatis\u00e9e des payements li\u00e9s aux charges sociales (LPP, AVS-AI, LAA, imp\u00f4ts \u00e0 la source), la cr\u00e9ation de rapport par cr\u00e9anciers ou par num\u00e9ro de compte, gestion de la liste des payements arrivant \u00e0 \u00e9ch\u00e9ance,&#8230;<\/p>\n<p>Pour en savoir plus, nous vous invitons \u00e0 consulter les tutoriaux vid\u00e9o ci-dessous.<\/p>\n<p>Int\u00e9ress\u00e9s? <a href=\"http:\/\/cine3d.ch\/?page_id=998\">contactez-nous!<\/a>[\/vc_column_text][vc_separator type=\u00a0\u00bbnormal\u00a0\u00bb][vc_video link=\u00a0\u00bbhttps:\/\/vimeo.com\/263488697&Prime; el_width=\u00a0\u00bb70&Prime; align=\u00a0\u00bbcenter\u00a0\u00bb][vc_separator type=\u00a0\u00bbnormal\u00a0\u00bb][vc_video link=\u00a0\u00bbhttps:\/\/vimeo.com\/263489081&Prime; el_width=\u00a0\u00bb70&Prime; align=\u00a0\u00bbcenter\u00a0\u00bb][vc_separator type=\u00a0\u00bbnormal\u00a0\u00bb][vc_video link=\u00a0\u00bbhttps:\/\/vimeo.com\/263539647&Prime; el_width=\u00a0\u00bb70&Prime; align=\u00a0\u00bbcenter\u00a0\u00bb][vc_separator type=\u00a0\u00bbnormal\u00a0\u00bb][vc_video link=\u00a0\u00bbhttps:\/\/vimeo.com\/263540054&Prime; el_width=\u00a0\u00bb70&Prime; align=\u00a0\u00bbcenter\u00a0\u00bb][vc_separator type=\u00a0\u00bbnormal\u00a0\u00bb][vc_video link=\u00a0\u00bbhttps:\/\/vimeo.com\/263540539&Prime; el_width=\u00a0\u00bb70&Prime; align=\u00a0\u00bbcenter\u00a0\u00bb][vc_separator type=\u00a0\u00bbnormal\u00a0\u00bb][vc_video link=\u00a0\u00bbhttps:\/\/vimeo.com\/263563953&Prime; el_width=\u00a0\u00bb70&Prime; align=\u00a0\u00bbcenter\u00a0\u00bb][\/vc_column][\/vc_row]<\/p>\n","protected":false},"excerpt":{"rendered":"<p>[vc_row row_type=\u00a0\u00bbrow\u00a0\u00bb use_row_as_full_screen_section=\u00a0\u00bbno\u00a0\u00bb type=\u00a0\u00bbfull_width\u00a0\u00bb angled_section=\u00a0\u00bbno\u00a0\u00bb text_align=\u00a0\u00bbleft\u00a0\u00bb background_image_as_pattern=\u00a0\u00bbwithout_pattern\u00a0\u00bb css_animation=\u00a0\u00bb\u00a0\u00bb][vc_column][vc_single_image image=\u00a0\u00bb1669&Prime; img_size=\u00a0\u00bbmedium\u00a0\u00bb alignment=\u00a0\u00bbcenter\u00a0\u00bb qode_css_animation=\u00a0\u00bb\u00a0\u00bb][\/vc_column][\/vc_row][vc_row row_type=\u00a0\u00bbrow\u00a0\u00bb use_row_as_full_screen_section=\u00a0\u00bbno\u00a0\u00bb type=\u00a0\u00bbfull_width\u00a0\u00bb angled_section=\u00a0\u00bbno\u00a0\u00bb text_align=\u00a0\u00bbleft\u00a0\u00bb background_image_as_pattern=\u00a0\u00bbwithout_pattern\u00a0\u00bb css_animation=\u00a0\u00bb\u00a0\u00bb][vc_column][vc_empty_space][\/vc_column][\/vc_row][vc_row row_type=\u00a0\u00bbrow\u00a0\u00bb use_row_as_full_screen_section=\u00a0\u00bbno\u00a0\u00bb type=\u00a0\u00bbfull_width\u00a0\u00bb angled_section=\u00a0\u00bbno\u00a0\u00bb text_align=\u00a0\u00bbleft\u00a0\u00bb background_image_as_pattern=\u00a0\u00bbwithout_pattern\u00a0\u00bb css_animation=\u00a0\u00bb\u00a0\u00bb][vc_column][vc_column_text]TRESOR est une solution Filemaker utilisable sur un seul poste ou en r\u00e9seau (via Filemaker serveur) utilisable pour la gestion&#8230;<\/p>\n","protected":false},"author":2,"featured_media":0,"parent":0,"menu_order":0,"comment_status":"closed","ping_status":"closed","template":"","meta":[],"_links":{"self":[{"href":"http:\/\/cine3d.ch\/index.php?rest_route=\/wp\/v2\/pages\/1668"}],"collection":[{"href":"http:\/\/cine3d.ch\/index.php?rest_route=\/wp\/v2\/pages"}],"about":[{"href":"http:\/\/cine3d.ch\/index.php?rest_route=\/wp\/v2\/types\/page"}],"author":[{"embeddable":true,"href":"http:\/\/cine3d.ch\/index.php?rest_route=\/wp\/v2\/users\/2"}],"replies":[{"embeddable":true,"href":"http:\/\/cine3d.ch\/index.php?rest_route=%2Fwp%2Fv2%2Fcomments&post=1668"}],"version-history":[{"count":4,"href":"http:\/\/cine3d.ch\/index.php?rest_route=\/wp\/v2\/pages\/1668\/revisions"}],"predecessor-version":[{"id":1816,"href":"http:\/\/cine3d.ch\/index.php?rest_route=\/wp\/v2\/pages\/1668\/revisions\/1816"}],"wp:attachment":[{"href":"http:\/\/cine3d.ch\/index.php?rest_route=%2Fwp%2Fv2%2Fmedia&parent=1668"}],"curies":[{"name":"wp","href":"https:\/\/api.w.org\/{rel}","templated":true}]}}