{"id":2160,"date":"2023-04-16T16:55:18","date_gmt":"2023-04-16T15:55:18","guid":{"rendered":"http:\/\/cine3d.ch\/?page_id=2160"},"modified":"2023-04-16T17:09:29","modified_gmt":"2023-04-16T16:09:29","slug":"i-hate-new-music-2023","status":"publish","type":"page","link":"http:\/\/cine3d.ch\/?page_id=2160","title":{"rendered":"I hate new music (2023)"},"content":{"rendered":"<p>[vc_row css_animation=\u00a0\u00bb\u00a0\u00bb row_type=\u00a0\u00bbrow\u00a0\u00bb use_row_as_full_screen_section=\u00a0\u00bbno\u00a0\u00bb type=\u00a0\u00bbfull_width\u00a0\u00bb angled_section=\u00a0\u00bbno\u00a0\u00bb text_align=\u00a0\u00bbleft\u00a0\u00bb background_image_as_pattern=\u00a0\u00bbwithout_pattern\u00a0\u00bb][vc_column][vc_empty_space][vc_column_text]<\/p>\n<h1 style=\"text-align: center;\"><span style=\"color: #008080;\"><span style=\"color: #ffffff;\">I hate new music<br \/>\n<\/span><\/span><\/h1>\n<p>[\/vc_column_text][\/vc_column][\/vc_row][vc_row css_animation=\u00a0\u00bb\u00a0\u00bb row_type=\u00a0\u00bbrow\u00a0\u00bb use_row_as_full_screen_section=\u00a0\u00bbno\u00a0\u00bb type=\u00a0\u00bbfull_width\u00a0\u00bb angled_section=\u00a0\u00bbno\u00a0\u00bb text_align=\u00a0\u00bbleft\u00a0\u00bb background_image_as_pattern=\u00a0\u00bbwithout_pattern\u00a0\u00bb][vc_column][vc_empty_space][\/vc_column][\/vc_row][vc_row css_animation=\u00a0\u00bb\u00a0\u00bb row_type=\u00a0\u00bbrow\u00a0\u00bb use_row_as_full_screen_section=\u00a0\u00bbno\u00a0\u00bb type=\u00a0\u00bbfull_width\u00a0\u00bb angled_section=\u00a0\u00bbno\u00a0\u00bb text_align=\u00a0\u00bbleft\u00a0\u00bb background_image_as_pattern=\u00a0\u00bbwithout_pattern\u00a0\u00bb][vc_column][vc_tabs style=\u00a0\u00bbhorizontal\u00a0\u00bb][vc_tab title=\u00a0\u00bbimages\u00a0\u00bb tab_id=\u00a0\u00bb1681661309060-2-4&Prime;][vc_single_image image=\u00a0\u00bb2172&Prime; img_size=\u00a0\u00bblarge\u00a0\u00bb qode_css_animation=\u00a0\u00bb\u00a0\u00bb][\/vc_tab][vc_tab title=\u00a0\u00bbPitch\u00a0\u00bb tab_id=\u00a0\u00bba5618a2d-977c-8&Prime;][vc_column_text]C\u2019est trop s\u00e9rieux ! C\u2019est compliqu\u00e9 ! C\u2019est moche ! Autant de clich\u00e9s sur la musique contemporaine \u00e0 dynamiter en bonne et due forme. C\u2019est ce que vous propose la soprano Sarah Defrise, \u00e9lue \u00ab\u202fJeune musicienne de l\u2019ann\u00e9e\u202f\u00bb par l\u2019Union de la presse musicale belge en 2021. Dans son seule en sc\u00e8ne, elle vous raconte avec un humour caustique le monde m\u00e9connu de la musique contemporaine. Un univers d\u00e9jant\u00e9 qu\u2019elle explore \u00e0 travers son exp\u00e9rience personnelle et une s\u00e9lection d\u2019\u0153uvres interpr\u00e9t\u00e9es a cappella. Entre les phon\u00e8mes, les onomatop\u00e9es, les r\u00e9f\u00e9rences aux Comics am\u00e9ricains, la musique minimaliste, la musique cyclique et m\u00eame quelques \u00e9lans orgasmiques, la chanteuse trouve le terrain de jeu id\u00e9al pour sa voix et ses talents de com\u00e9dienne.<\/p>\n<p>Une approche accessible \u2013 et dr\u00f4le \u2013 de ce r\u00e9pertoire inhabituel, pourtant si proche de nous, qui s\u2019adresse \u00e0 tous les amateurs de musique.[\/vc_column_text][\/vc_tab][vc_tab title=\u00a0\u00bbEquipe\u00a0\u00bb tab_id=\u00a0\u00bb1484770926199-5-7&Prime;][vc_column_text]<span class=\"role-label\">Concept &amp; chant<\/span> <span class=\"names\">SARAH DEFRISE<\/span><\/p>\n<p><span class=\"role-label\">Mise en sc\u00e8ne<\/span> <span class=\"names\">NATACHA KOWALSKI<\/span><\/p>\n<p><span class=\"role-label\">Chor\u00e9graphie<\/span> <span class=\"names\">JOHANNE SAUNIER<\/span><\/p>\n<p><span class=\"role-label\">\u00c9clairages<\/span> <span class=\"names\">JEAN-LOUIS BONMARIAGE<\/span><\/p>\n<p><span class=\"role-label\">Vid\u00e9o et Sc\u00e9nographie<\/span> <span class=\"names\">SAM ET FRED GUILLAUME<br \/>\n<\/span><\/p>\n<p><span class=\"role-label\">Production<\/span> <span class=\"names\">NOF (NOUVEL OP\u00c9RA FRIBOURG \/ NEUE OPER FREIBURG)<\/span><br \/>\n<span class=\"role-label\">Coproduction<\/span> <span class=\"names\">TH\u00c9\u00c2TRE DES MARTYRS, LA MONNAIE<\/span>[\/vc_column_text][\/vc_tab][\/vc_tabs][\/vc_column][\/vc_row][vc_row css_animation=\u00a0\u00bb\u00a0\u00bb row_type=\u00a0\u00bbrow\u00a0\u00bb use_row_as_full_screen_section=\u00a0\u00bbno\u00a0\u00bb type=\u00a0\u00bbfull_width\u00a0\u00bb angled_section=\u00a0\u00bbno\u00a0\u00bb text_align=\u00a0\u00bbleft\u00a0\u00bb background_image_as_pattern=\u00a0\u00bbwithout_pattern\u00a0\u00bb][vc_column][\/vc_column][\/vc_row]<\/p>\n","protected":false},"excerpt":{"rendered":"<p>[vc_row css_animation=\u00a0\u00bb\u00a0\u00bb row_type=\u00a0\u00bbrow\u00a0\u00bb use_row_as_full_screen_section=\u00a0\u00bbno\u00a0\u00bb type=\u00a0\u00bbfull_width\u00a0\u00bb angled_section=\u00a0\u00bbno\u00a0\u00bb text_align=\u00a0\u00bbleft\u00a0\u00bb background_image_as_pattern=\u00a0\u00bbwithout_pattern\u00a0\u00bb][vc_column][vc_empty_space][vc_column_text] I hate new music [\/vc_column_text][\/vc_column][\/vc_row][vc_row css_animation=\u00a0\u00bb\u00a0\u00bb row_type=\u00a0\u00bbrow\u00a0\u00bb use_row_as_full_screen_section=\u00a0\u00bbno\u00a0\u00bb type=\u00a0\u00bbfull_width\u00a0\u00bb angled_section=\u00a0\u00bbno\u00a0\u00bb text_align=\u00a0\u00bbleft\u00a0\u00bb background_image_as_pattern=\u00a0\u00bbwithout_pattern\u00a0\u00bb][vc_column][vc_empty_space][\/vc_column][\/vc_row][vc_row css_animation=\u00a0\u00bb\u00a0\u00bb row_type=\u00a0\u00bbrow\u00a0\u00bb use_row_as_full_screen_section=\u00a0\u00bbno\u00a0\u00bb type=\u00a0\u00bbfull_width\u00a0\u00bb angled_section=\u00a0\u00bbno\u00a0\u00bb text_align=\u00a0\u00bbleft\u00a0\u00bb background_image_as_pattern=\u00a0\u00bbwithout_pattern\u00a0\u00bb][vc_column][vc_tabs style=\u00a0\u00bbhorizontal\u00a0\u00bb][vc_tab title=\u00a0\u00bbimages\u00a0\u00bb tab_id=\u00a0\u00bb1681661309060-2-4&Prime;][vc_single_image image=\u00a0\u00bb2172&Prime; img_size=\u00a0\u00bblarge\u00a0\u00bb qode_css_animation=\u00a0\u00bb\u00a0\u00bb][\/vc_tab][vc_tab title=\u00a0\u00bbPitch\u00a0\u00bb tab_id=\u00a0\u00bba5618a2d-977c-8&Prime;][vc_column_text]C\u2019est trop s\u00e9rieux ! C\u2019est compliqu\u00e9 ! C\u2019est moche ! Autant&#8230;<\/p>\n","protected":false},"author":2,"featured_media":0,"parent":0,"menu_order":0,"comment_status":"closed","ping_status":"closed","template":"","meta":[],"_links":{"self":[{"href":"http:\/\/cine3d.ch\/index.php?rest_route=\/wp\/v2\/pages\/2160"}],"collection":[{"href":"http:\/\/cine3d.ch\/index.php?rest_route=\/wp\/v2\/pages"}],"about":[{"href":"http:\/\/cine3d.ch\/index.php?rest_route=\/wp\/v2\/types\/page"}],"author":[{"embeddable":true,"href":"http:\/\/cine3d.ch\/index.php?rest_route=\/wp\/v2\/users\/2"}],"replies":[{"embeddable":true,"href":"http:\/\/cine3d.ch\/index.php?rest_route=%2Fwp%2Fv2%2Fcomments&post=2160"}],"version-history":[{"count":4,"href":"http:\/\/cine3d.ch\/index.php?rest_route=\/wp\/v2\/pages\/2160\/revisions"}],"predecessor-version":[{"id":2174,"href":"http:\/\/cine3d.ch\/index.php?rest_route=\/wp\/v2\/pages\/2160\/revisions\/2174"}],"wp:attachment":[{"href":"http:\/\/cine3d.ch\/index.php?rest_route=%2Fwp%2Fv2%2Fmedia&parent=2160"}],"curies":[{"name":"wp","href":"https:\/\/api.w.org\/{rel}","templated":true}]}}