{"id":1222,"date":"2017-01-19T10:54:21","date_gmt":"2017-01-19T09:54:21","guid":{"rendered":"http:\/\/cine3d.ch\/?page_id=1222"},"modified":"2017-01-28T16:35:23","modified_gmt":"2017-01-28T15:35:23","slug":"la-nuit-de-lours-2012-2-2-3-4","status":"publish","type":"page","link":"https:\/\/cine3d.ch\/?page_id=1222","title":{"rendered":"L&rsquo;illusion comique (2015)"},"content":{"rendered":"<p>[vc_row row_type=\u00a0\u00bbrow\u00a0\u00bb use_row_as_full_screen_section=\u00a0\u00bbno\u00a0\u00bb type=\u00a0\u00bbgrid\u00a0\u00bb angled_section=\u00a0\u00bbno\u00a0\u00bb text_align=\u00a0\u00bbleft\u00a0\u00bb background_image_as_pattern=\u00a0\u00bbwithout_pattern\u00a0\u00bb css_animation=\u00a0\u00bb\u00a0\u00bb][vc_column][vc_column_text]<\/p>\n<h1 style=\"text-align: center;\">L&rsquo;ILLUSION COMIQUE (2015)<\/h1>\n<p>[\/vc_column_text][\/vc_column][\/vc_row][vc_row row_type=\u00a0\u00bbrow\u00a0\u00bb use_row_as_full_screen_section=\u00a0\u00bbno\u00a0\u00bb type=\u00a0\u00bbfull_width\u00a0\u00bb angled_section=\u00a0\u00bbno\u00a0\u00bb text_align=\u00a0\u00bbleft\u00a0\u00bb background_image_as_pattern=\u00a0\u00bbwithout_pattern\u00a0\u00bb css_animation=\u00a0\u00bb\u00a0\u00bb][vc_column][vc_empty_space][\/vc_column][\/vc_row][vc_row row_type=\u00a0\u00bbrow\u00a0\u00bb use_row_as_full_screen_section=\u00a0\u00bbno\u00a0\u00bb type=\u00a0\u00bbgrid\u00a0\u00bb angled_section=\u00a0\u00bbno\u00a0\u00bb text_align=\u00a0\u00bbcenter\u00a0\u00bb background_image_as_pattern=\u00a0\u00bbwithout_pattern\u00a0\u00bb css_animation=\u00a0\u00bb\u00a0\u00bb][vc_column width=\u00a0\u00bb1\/2&Prime;]<a  itemprop=\"url\" href=\"http:\/\/www.theatreosses.ch\/archives\/2015-2016\/lillusion-comique\" target=\"_self\" data-hover-background-color=#000000 data-hover-border-color=#000000 data-hover-color=#c6c6c6 class=\"qbutton  small enlarge\" style=\"color: #ffffff; border-color: #000000; font-style: normal; font-weight: 300; background-color: #000000;\">th\u00e9\u00e2tre des osses<i class=\"qode_icon_font_awesome fa fa-external-link qode_button_icon_element\" style=\"color: #ffffff;\" ><\/i><\/a>[\/vc_column][vc_column width=\u00a0\u00bb1\/2&Prime;][\/vc_column][\/vc_row][vc_row row_type=\u00a0\u00bbrow\u00a0\u00bb use_row_as_full_screen_section=\u00a0\u00bbno\u00a0\u00bb type=\u00a0\u00bbfull_width\u00a0\u00bb angled_section=\u00a0\u00bbno\u00a0\u00bb text_align=\u00a0\u00bbleft\u00a0\u00bb background_image_as_pattern=\u00a0\u00bbwithout_pattern\u00a0\u00bb css_animation=\u00a0\u00bb\u00a0\u00bb][vc_column][vc_empty_space][\/vc_column][\/vc_row][vc_row row_type=\u00a0\u00bbrow\u00a0\u00bb use_row_as_full_screen_section=\u00a0\u00bbno\u00a0\u00bb type=\u00a0\u00bbfull_width\u00a0\u00bb angled_section=\u00a0\u00bbno\u00a0\u00bb text_align=\u00a0\u00bbleft\u00a0\u00bb background_image_as_pattern=\u00a0\u00bbwithout_pattern\u00a0\u00bb css_animation=\u00a0\u00bb\u00a0\u00bb][vc_column][vc_tabs style=\u00a0\u00bbhorizontal\u00a0\u00bb][vc_tab title=\u00a0\u00bbimages\u00a0\u00bb tab_id=\u00a0\u00bb1484684479300-2-3&Prime;][vc_gallery interval=\u00a0\u00bb3&Prime; images=\u00a0\u00bb730,729,728,727,726,725,724,713&Prime; img_size=\u00a0\u00bbfull\u00a0\u00bb][\/vc_tab][vc_tab title=\u00a0\u00bbpitch\u00a0\u00bb tab_id=\u00a0\u00bba5618a2d-977c-8&Prime;][vc_column_text]<\/p>\n<div class=\"vc_col-sm-6 wpb_column vc_column_container vc_custom_1427718485064\">\n<div class=\"wpb_wrapper\">\n<div class=\"wpb_text_column wpb_content_element \">\n<div class=\"wpb_wrapper\">\n<p>Pridamant recherche son fils Clindor, dont il n&rsquo;a plus de nouvelles depuis dix ans. D\u00e9sesp\u00e9r\u00e9, il d\u00e9cide de consulter le mage Alcandre qui s\u2019est retir\u00e9 dans une grotte obscure et myst\u00e9rieuse. Gr\u00e2ce \u00e0 ses merveilleux pouvoirs, Alcandre va montrer au p\u00e8re \u00e9plor\u00e9 les frasques de son fils devenu le serviteur de Matamore, un capitaine ridicule et fantasque.<\/p>\n<p>Dans cette pi\u00e8ce, aussi \u00e9trange que jubilatoire, Corneille s&rsquo;amuse \u00e0 m\u00e9langer les genres et les styles, \u00e0 perdre le spectateur dans de ludiques embo\u00eetements d\u2019intrigues. Pridamant, et le public avec lui, n&rsquo;est pas au bout de ses surprises dans cette pi\u00e8ce folle qui nous r\u00e9v\u00e8le que tout est possible, m\u00eame l&rsquo;improbable.<\/p>\n<\/div>\n<\/div>\n<\/div>\n<\/div>\n<p>[\/vc_column_text][\/vc_tab][vc_tab title=\u00a0\u00bbvideo\u00a0\u00bb tab_id=\u00a0\u00bb1484820029362-3-1&Prime;][vc_raw_html]JTNDaWZyYW1lJTIwd2lkdGglM0QlMjI1NjAlMjIlMjBoZWlnaHQlM0QlMjIzMTUlMjIlMjBzcmMlM0QlMjJodHRwcyUzQSUyRiUyRnd3dy55b3V0dWJlLmNvbSUyRmVtYmVkJTJGdE80eXdENmFHNWclMjIlMjBmcmFtZWJvcmRlciUzRCUyMjAlMjIlMjBhbGxvd2Z1bGxzY3JlZW4lM0UlM0MlMkZpZnJhbWUlM0U=[\/vc_raw_html][\/vc_tab][vc_tab title=\u00a0\u00bb\u00e9quipe\u00a0\u00bb tab_id=\u00a0\u00bb1484770926199-5-7&Prime;][vc_column_text]<\/p>\n<p class=\"show-author\" style=\"text-align: center;\"><span class=\"show-light-grey\">Auteur :<\/span> Pierre Corneille<\/p>\n<p class=\"show-staging\" style=\"text-align: center;\"><span class=\"show-light-grey\">Mise en sc\u00e8ne :<\/span> Genevi\u00e8ve Pasquier et Nicolas Rossier<\/p>\n<p style=\"text-align: center;\"><span class=\"show-light-grey\">Conception sc\u00e9nographique :<\/span> Genevi\u00e8ve Pasquier et Christophe Pittoiset<\/p>\n<p style=\"text-align: center;\"><span class=\"show-light-grey\">Lumi\u00e8res :<\/span> Christophe Pitoiset<\/p>\n<p style=\"text-align: center;\"><span class=\"show-light-grey\">Cr\u00e9ation vid\u00e9o :<\/span> Fr\u00e9d\u00e9ric et Samuel Guillaume<\/p>\n<p style=\"text-align: center;\"><span class=\"show-light-grey\">Infographie :<\/span> Camilo De Martino<\/p>\n<p style=\"text-align: center;\"><span class=\"show-light-grey\">Costumes :<\/span> Coralie Sanvoisin<\/p>\n<p style=\"text-align: center;\"><span class=\"show-light-grey\">Coiffure et maquillage :<\/span> Leticia Rochaix-Ortis<\/p>\n<p style=\"text-align: center;\"><span class=\"show-light-grey\">Cr\u00e9ation sonore :<\/span> Fran\u00e7ois Gendre<\/p>\n<p style=\"text-align: center;\"><span class=\"show-light-grey\">Construction :<\/span> Christophe Reichel et Philippe Botteau<\/p>\n<p class=\"show-producer\" style=\"text-align: center;\"><span class=\"show-light-grey\">Producteur :<\/span> Th\u00e9\u00e2tre des Osses &#8211; Centre dramatique fribourgeois<\/p>\n<p class=\"show-actors\" style=\"text-align: center;\"><span class=\"show-light-grey\">Avec :<\/span> C\u00e9line Cesa, Jean-Paul Favre, Rachel Gordy, Simon Romang, Laurent Sandoz, Edmond Vullioud et Marc Zucchello<\/p>\n<p>[\/vc_column_text][\/vc_tab][\/vc_tabs][\/vc_column][\/vc_row]<\/p>\n","protected":false},"excerpt":{"rendered":"<p>[vc_row row_type=\u00a0\u00bbrow\u00a0\u00bb use_row_as_full_screen_section=\u00a0\u00bbno\u00a0\u00bb type=\u00a0\u00bbgrid\u00a0\u00bb angled_section=\u00a0\u00bbno\u00a0\u00bb text_align=\u00a0\u00bbleft\u00a0\u00bb background_image_as_pattern=\u00a0\u00bbwithout_pattern\u00a0\u00bb css_animation=\u00a0\u00bb\u00a0\u00bb][vc_column][vc_column_text] L&rsquo;ILLUSION COMIQUE (2015) [\/vc_column_text][\/vc_column][\/vc_row][vc_row row_type=\u00a0\u00bbrow\u00a0\u00bb use_row_as_full_screen_section=\u00a0\u00bbno\u00a0\u00bb type=\u00a0\u00bbfull_width\u00a0\u00bb angled_section=\u00a0\u00bbno\u00a0\u00bb text_align=\u00a0\u00bbleft\u00a0\u00bb background_image_as_pattern=\u00a0\u00bbwithout_pattern\u00a0\u00bb css_animation=\u00a0\u00bb\u00a0\u00bb][vc_column][vc_empty_space][\/vc_column][\/vc_row][vc_row row_type=\u00a0\u00bbrow\u00a0\u00bb use_row_as_full_screen_section=\u00a0\u00bbno\u00a0\u00bb type=\u00a0\u00bbgrid\u00a0\u00bb angled_section=\u00a0\u00bbno\u00a0\u00bb text_align=\u00a0\u00bbcenter\u00a0\u00bb background_image_as_pattern=\u00a0\u00bbwithout_pattern\u00a0\u00bb css_animation=\u00a0\u00bb\u00a0\u00bb][vc_column width=\u00a0\u00bb1\/2&Prime;][\/vc_column][vc_column width=\u00a0\u00bb1\/2&Prime;][\/vc_column][\/vc_row][vc_row row_type=\u00a0\u00bbrow\u00a0\u00bb use_row_as_full_screen_section=\u00a0\u00bbno\u00a0\u00bb type=\u00a0\u00bbfull_width\u00a0\u00bb angled_section=\u00a0\u00bbno\u00a0\u00bb text_align=\u00a0\u00bbleft\u00a0\u00bb background_image_as_pattern=\u00a0\u00bbwithout_pattern\u00a0\u00bb css_animation=\u00a0\u00bb\u00a0\u00bb][vc_column][vc_empty_space][\/vc_column][\/vc_row][vc_row row_type=\u00a0\u00bbrow\u00a0\u00bb use_row_as_full_screen_section=\u00a0\u00bbno\u00a0\u00bb type=\u00a0\u00bbfull_width\u00a0\u00bb angled_section=\u00a0\u00bbno\u00a0\u00bb text_align=\u00a0\u00bbleft\u00a0\u00bb background_image_as_pattern=\u00a0\u00bbwithout_pattern\u00a0\u00bb css_animation=\u00a0\u00bb\u00a0\u00bb][vc_column][vc_tabs style=\u00a0\u00bbhorizontal\u00a0\u00bb][vc_tab title=\u00a0\u00bbimages\u00a0\u00bb tab_id=\u00a0\u00bb1484684479300-2-3&Prime;][vc_gallery&#8230;<\/p>\n","protected":false},"author":2,"featured_media":0,"parent":0,"menu_order":0,"comment_status":"closed","ping_status":"closed","template":"","meta":[],"_links":{"self":[{"href":"https:\/\/cine3d.ch\/index.php?rest_route=\/wp\/v2\/pages\/1222"}],"collection":[{"href":"https:\/\/cine3d.ch\/index.php?rest_route=\/wp\/v2\/pages"}],"about":[{"href":"https:\/\/cine3d.ch\/index.php?rest_route=\/wp\/v2\/types\/page"}],"author":[{"embeddable":true,"href":"https:\/\/cine3d.ch\/index.php?rest_route=\/wp\/v2\/users\/2"}],"replies":[{"embeddable":true,"href":"https:\/\/cine3d.ch\/index.php?rest_route=%2Fwp%2Fv2%2Fcomments&post=1222"}],"version-history":[{"count":9,"href":"https:\/\/cine3d.ch\/index.php?rest_route=\/wp\/v2\/pages\/1222\/revisions"}],"predecessor-version":[{"id":1427,"href":"https:\/\/cine3d.ch\/index.php?rest_route=\/wp\/v2\/pages\/1222\/revisions\/1427"}],"wp:attachment":[{"href":"https:\/\/cine3d.ch\/index.php?rest_route=%2Fwp%2Fv2%2Fmedia&parent=1222"}],"curies":[{"name":"wp","href":"https:\/\/api.w.org\/{rel}","templated":true}]}}