{"id":1388,"date":"2017-01-26T17:25:26","date_gmt":"2017-01-26T16:25:26","guid":{"rendered":"http:\/\/cine3d.ch\/?page_id=1388"},"modified":"2017-01-26T17:36:37","modified_gmt":"2017-01-26T16:36:37","slug":"la-nuit-de-lours-2012-2-2-3-5-2-3","status":"publish","type":"page","link":"https:\/\/cine3d.ch\/?page_id=1388","title":{"rendered":"Une petite le\u00e7on d&rsquo;animation (2002)"},"content":{"rendered":"<p>[vc_row row_type=\u00a0\u00bbrow\u00a0\u00bb use_row_as_full_screen_section=\u00a0\u00bbno\u00a0\u00bb type=\u00a0\u00bbfull_width\u00a0\u00bb angled_section=\u00a0\u00bbno\u00a0\u00bb text_align=\u00a0\u00bbleft\u00a0\u00bb background_image_as_pattern=\u00a0\u00bbwithout_pattern\u00a0\u00bb css_animation=\u00a0\u00bb\u00a0\u00bb][vc_column][vc_empty_space][vc_single_image image=\u00a0\u00bb1350&Prime; img_size=\u00a0\u00bbmedium\u00a0\u00bb alignment=\u00a0\u00bbcenter\u00a0\u00bb qode_css_animation=\u00a0\u00bb\u00a0\u00bb][vc_empty_space][vc_column_text]<span style=\"color: #339966;\">Ce film a \u00e9t\u00e9 r\u00e9alis\u00e9 en 2002 pour le club de cin\u00e9ma <em>La Lanterne Magique. <\/em>Il \u00e9tait pr\u00e9c\u00e9d\u00e9 d&rsquo;une animation th\u00e9\u00e2trale expliquant le principe du cin\u00e9ma image par image. Le film suit ensuite le personnage qui quitte la sc\u00e8ne pour visiter le projecteur (analogique \u00e0 l&rsquo;\u00e9poque&#8230;).<\/span>[\/vc_column_text][vc_empty_space][vc_video link=\u00a0\u00bbhttps:\/\/vimeo.com\/97318227&Prime; el_width=\u00a0\u00bb70&Prime; align=\u00a0\u00bbcenter\u00a0\u00bb][vc_empty_space][vc_gallery interval=\u00a0\u00bb3&Prime; images=\u00a0\u00bb709,707,706,705,704,702,701,700,699,698,695,694,693,692,690,689,686&Prime; img_size=\u00a0\u00bbfull\u00a0\u00bb][\/vc_column][\/vc_row]<\/p>\n","protected":false},"excerpt":{"rendered":"<p>[vc_row row_type=\u00a0\u00bbrow\u00a0\u00bb use_row_as_full_screen_section=\u00a0\u00bbno\u00a0\u00bb type=\u00a0\u00bbfull_width\u00a0\u00bb angled_section=\u00a0\u00bbno\u00a0\u00bb text_align=\u00a0\u00bbleft\u00a0\u00bb background_image_as_pattern=\u00a0\u00bbwithout_pattern\u00a0\u00bb css_animation=\u00a0\u00bb\u00a0\u00bb][vc_column][vc_empty_space][vc_single_image image=\u00a0\u00bb1350&Prime; img_size=\u00a0\u00bbmedium\u00a0\u00bb alignment=\u00a0\u00bbcenter\u00a0\u00bb qode_css_animation=\u00a0\u00bb\u00a0\u00bb][vc_empty_space][vc_column_text]Ce film a \u00e9t\u00e9 r\u00e9alis\u00e9 en 2002 pour le club de cin\u00e9ma La Lanterne Magique. Il \u00e9tait pr\u00e9c\u00e9d\u00e9 d&rsquo;une animation th\u00e9\u00e2trale expliquant le principe du cin\u00e9ma image par image. Le film suit ensuite le&#8230;<\/p>\n","protected":false},"author":2,"featured_media":0,"parent":0,"menu_order":0,"comment_status":"closed","ping_status":"closed","template":"","meta":[],"_links":{"self":[{"href":"https:\/\/cine3d.ch\/index.php?rest_route=\/wp\/v2\/pages\/1388"}],"collection":[{"href":"https:\/\/cine3d.ch\/index.php?rest_route=\/wp\/v2\/pages"}],"about":[{"href":"https:\/\/cine3d.ch\/index.php?rest_route=\/wp\/v2\/types\/page"}],"author":[{"embeddable":true,"href":"https:\/\/cine3d.ch\/index.php?rest_route=\/wp\/v2\/users\/2"}],"replies":[{"embeddable":true,"href":"https:\/\/cine3d.ch\/index.php?rest_route=%2Fwp%2Fv2%2Fcomments&post=1388"}],"version-history":[{"count":2,"href":"https:\/\/cine3d.ch\/index.php?rest_route=\/wp\/v2\/pages\/1388\/revisions"}],"predecessor-version":[{"id":1399,"href":"https:\/\/cine3d.ch\/index.php?rest_route=\/wp\/v2\/pages\/1388\/revisions\/1399"}],"wp:attachment":[{"href":"https:\/\/cine3d.ch\/index.php?rest_route=%2Fwp%2Fv2%2Fmedia&parent=1388"}],"curies":[{"name":"wp","href":"https:\/\/api.w.org\/{rel}","templated":true}]}}