{"id":1461,"date":"2017-01-29T14:12:54","date_gmt":"2017-01-29T13:12:54","guid":{"rendered":"http:\/\/cine3d.ch\/?page_id=1461"},"modified":"2023-04-16T17:18:03","modified_gmt":"2023-04-16T16:18:03","slug":"projet-2","status":"publish","type":"page","link":"https:\/\/cine3d.ch\/?page_id=1461","title":{"rendered":"Commandes"},"content":{"rendered":"<p>[vc_row css_animation=\u00a0\u00bb\u00a0\u00bb row_type=\u00a0\u00bbrow\u00a0\u00bb use_row_as_full_screen_section=\u00a0\u00bbno\u00a0\u00bb type=\u00a0\u00bbfull_width\u00a0\u00bb angled_section=\u00a0\u00bbno\u00a0\u00bb text_align=\u00a0\u00bbleft\u00a0\u00bb background_image_as_pattern=\u00a0\u00bbwithout_pattern\u00a0\u00bb][vc_column][vc_column_text]<\/p>\n<ul>\n<li>2020 <a href=\"http:\/\/cine3d.ch\/?page_id=1993\">Carte de voeux Ville de Fribourg<\/a><\/li>\n<li>2019 <a href=\"http:\/\/cine3d.ch\/?page_id=1923\">Acide attaque<\/a><\/li>\n<li>2018 <a href=\"http:\/\/cine3d.ch\/?page_id=1633\">No, Nein, Non No Billag <\/a><\/li>\n<li>2017 <a href=\"http:\/\/cine3d.ch\/?page_id=1543\">A pied \u00e0 l&rsquo;\u00e9cole<\/a><\/li>\n<li>2016 <a href=\"http:\/\/cine3d.ch\/?page_id=1278\">Fribourg Solidaire<\/a><\/li>\n<li>2015 <a href=\"http:\/\/cine3d.ch\/?page_id=1364\">Soci\u00e9t\u00e9 des concerts<\/a><\/li>\n<li>2013 <a href=\"http:\/\/cine3d.ch\/?page_id=1240\">Fantoche<\/a><\/li>\n<li>2011 <a href=\"http:\/\/cine3d.ch\/?page_id=1338\">La fondue cr\u00e9e la bonne humeur<\/a><\/li>\n<li>2003 <a href=\"http:\/\/cine3d.ch\/?page_id=1390\">Lanterne magique<\/a><\/li>\n<li>2002 <a href=\"http:\/\/cine3d.ch\/?page_id=1388\">Une petite le\u00e7on d&rsquo;animation<\/a><\/li>\n<li>2001 <a href=\"http:\/\/cine3d.ch\/?page_id=1457\">La Nuit du Cin\u00e9ma<\/a><\/li>\n<\/ul>\n<p>[\/vc_column_text][\/vc_column][\/vc_row]<\/p>\n","protected":false},"excerpt":{"rendered":"<p>[vc_row css_animation=\u00a0\u00bb\u00a0\u00bb row_type=\u00a0\u00bbrow\u00a0\u00bb use_row_as_full_screen_section=\u00a0\u00bbno\u00a0\u00bb type=\u00a0\u00bbfull_width\u00a0\u00bb angled_section=\u00a0\u00bbno\u00a0\u00bb text_align=\u00a0\u00bbleft\u00a0\u00bb background_image_as_pattern=\u00a0\u00bbwithout_pattern\u00a0\u00bb][vc_column][vc_column_text] 2020 Carte de voeux Ville de Fribourg 2019 Acide attaque 2018 No, Nein, Non No Billag 2017 A pied \u00e0 l&rsquo;\u00e9cole 2016 Fribourg Solidaire 2015 Soci\u00e9t\u00e9 des concerts 2013 Fantoche 2011 La fondue cr\u00e9e la bonne humeur&#8230;<\/p>\n","protected":false},"author":2,"featured_media":0,"parent":0,"menu_order":0,"comment_status":"closed","ping_status":"open","template":"","meta":[],"_links":{"self":[{"href":"https:\/\/cine3d.ch\/index.php?rest_route=\/wp\/v2\/pages\/1461"}],"collection":[{"href":"https:\/\/cine3d.ch\/index.php?rest_route=\/wp\/v2\/pages"}],"about":[{"href":"https:\/\/cine3d.ch\/index.php?rest_route=\/wp\/v2\/types\/page"}],"author":[{"embeddable":true,"href":"https:\/\/cine3d.ch\/index.php?rest_route=\/wp\/v2\/users\/2"}],"replies":[{"embeddable":true,"href":"https:\/\/cine3d.ch\/index.php?rest_route=%2Fwp%2Fv2%2Fcomments&post=1461"}],"version-history":[{"count":6,"href":"https:\/\/cine3d.ch\/index.php?rest_route=\/wp\/v2\/pages\/1461\/revisions"}],"predecessor-version":[{"id":2138,"href":"https:\/\/cine3d.ch\/index.php?rest_route=\/wp\/v2\/pages\/1461\/revisions\/2138"}],"wp:attachment":[{"href":"https:\/\/cine3d.ch\/index.php?rest_route=%2Fwp%2Fv2%2Fmedia&parent=1461"}],"curies":[{"name":"wp","href":"https:\/\/api.w.org\/{rel}","templated":true}]}}