{"id":1568,"date":"2017-11-28T07:00:01","date_gmt":"2017-11-28T06:00:01","guid":{"rendered":"http:\/\/cine3d.ch\/?page_id=1568"},"modified":"2020-08-24T09:07:35","modified_gmt":"2020-08-24T08:07:35","slug":"la-nuit-de-lours-2012-2-2-3-6-2-3-2-2","status":"publish","type":"page","link":"https:\/\/cine3d.ch\/?page_id=1568","title":{"rendered":"EQUIPAGE &#8211; solution d\u00e9di\u00e9e \u00e0 la gestion de projets de films"},"content":{"rendered":"<p>[vc_row css_animation=\u00a0\u00bb\u00a0\u00bb row_type=\u00a0\u00bbrow\u00a0\u00bb use_row_as_full_screen_section=\u00a0\u00bbno\u00a0\u00bb type=\u00a0\u00bbfull_width\u00a0\u00bb angled_section=\u00a0\u00bbno\u00a0\u00bb text_align=\u00a0\u00bbleft\u00a0\u00bb background_image_as_pattern=\u00a0\u00bbwithout_pattern\u00a0\u00bb][vc_column][vc_single_image image=\u00a0\u00bb1582&Prime; img_size=\u00a0\u00bbmedium\u00a0\u00bb alignment=\u00a0\u00bbcenter\u00a0\u00bb qode_css_animation=\u00a0\u00bb\u00a0\u00bb][\/vc_column][\/vc_row][vc_row css_animation=\u00a0\u00bb\u00a0\u00bb row_type=\u00a0\u00bbrow\u00a0\u00bb use_row_as_full_screen_section=\u00a0\u00bbno\u00a0\u00bb type=\u00a0\u00bbfull_width\u00a0\u00bb angled_section=\u00a0\u00bbno\u00a0\u00bb text_align=\u00a0\u00bbleft\u00a0\u00bb background_image_as_pattern=\u00a0\u00bbwithout_pattern\u00a0\u00bb][vc_column][vc_column_text]<span style=\"color: #d2d2d2;\">EQUIPAGE est une solution Filemaker utilisable sur un seul poste ou en r\u00e9seau (via Filemaker serveur, compatible webdirect) d\u00e9di\u00e9 \u00e0 la gestion de projets de films d&rsquo;animation, live\u00a0ou hybrides.<\/span><\/p>\n<p><span style=\"color: #d2d2d2;\">Actuellement les fonctions principales sont les suivantes: la gestion des s\u00e9quences, plans, passes, prises, assets et des collaborateurs; la gestion des travaux li\u00e9s aux assets, un timer par collaborateur, la gestion des statistiques d&rsquo;avancement, des quotas et des pr\u00e9visions de retard \u00e9ventuels par collaborateur et pour l&rsquo;ensemble du projet, une messagerie interne, la gestion du story-board, du sc\u00e9nario et d&rsquo;une multitude de rapport, la gestion du planning avec calendrier interactif, des feuilles de services et des envois mail automatis\u00e9s et bien plus encore&#8230;<\/span><\/p>\n<p><span style=\"color: #d2d2d2;\">Vous voulez en savoir plus? <a style=\"color: #d2d2d2;\" href=\"http:\/\/cine3d.ch\/?page_id=998\">contactez-nous!<\/a><\/span>[\/vc_column_text][vc_empty_space][\/vc_column][\/vc_row][vc_row css_animation=\u00a0\u00bb\u00a0\u00bb row_type=\u00a0\u00bbrow\u00a0\u00bb use_row_as_full_screen_section=\u00a0\u00bbno\u00a0\u00bb type=\u00a0\u00bbfull_width\u00a0\u00bb angled_section=\u00a0\u00bbno\u00a0\u00bb text_align=\u00a0\u00bbleft\u00a0\u00bb background_image_as_pattern=\u00a0\u00bbwithout_pattern\u00a0\u00bb][vc_column width=\u00a0\u00bb5\/6&Prime;][vc_gallery type=\u00a0\u00bbimage_grid\u00a0\u00bb images=\u00a0\u00bb1989,1978,1972,1979,1973,1988,1983,1981,1982,1974,1975,1976,1977,1990,1980&Prime; img_size=\u00a0\u00bblarge\u00a0\u00bb column_number=\u00a0\u00bb0&Prime; grayscale=\u00a0\u00bbno\u00a0\u00bb images_space=\u00a0\u00bbgallery_without_space\u00a0\u00bb title=\u00a0\u00bbCaptures d&rsquo;\u00e9cran\u00a0\u00bb][\/vc_column][\/vc_row]<\/p>\n","protected":false},"excerpt":{"rendered":"<p>[vc_row css_animation=\u00a0\u00bb\u00a0\u00bb row_type=\u00a0\u00bbrow\u00a0\u00bb use_row_as_full_screen_section=\u00a0\u00bbno\u00a0\u00bb type=\u00a0\u00bbfull_width\u00a0\u00bb angled_section=\u00a0\u00bbno\u00a0\u00bb text_align=\u00a0\u00bbleft\u00a0\u00bb background_image_as_pattern=\u00a0\u00bbwithout_pattern\u00a0\u00bb][vc_column][vc_single_image image=\u00a0\u00bb1582&Prime; img_size=\u00a0\u00bbmedium\u00a0\u00bb alignment=\u00a0\u00bbcenter\u00a0\u00bb qode_css_animation=\u00a0\u00bb\u00a0\u00bb][\/vc_column][\/vc_row][vc_row css_animation=\u00a0\u00bb\u00a0\u00bb row_type=\u00a0\u00bbrow\u00a0\u00bb use_row_as_full_screen_section=\u00a0\u00bbno\u00a0\u00bb type=\u00a0\u00bbfull_width\u00a0\u00bb angled_section=\u00a0\u00bbno\u00a0\u00bb text_align=\u00a0\u00bbleft\u00a0\u00bb background_image_as_pattern=\u00a0\u00bbwithout_pattern\u00a0\u00bb][vc_column][vc_column_text]EQUIPAGE est une solution Filemaker utilisable sur un seul poste ou en r\u00e9seau (via Filemaker serveur, compatible webdirect) d\u00e9di\u00e9 \u00e0 la gestion de projets de films d&rsquo;animation,&#8230;<\/p>\n","protected":false},"author":2,"featured_media":0,"parent":0,"menu_order":0,"comment_status":"closed","ping_status":"closed","template":"","meta":[],"_links":{"self":[{"href":"https:\/\/cine3d.ch\/index.php?rest_route=\/wp\/v2\/pages\/1568"}],"collection":[{"href":"https:\/\/cine3d.ch\/index.php?rest_route=\/wp\/v2\/pages"}],"about":[{"href":"https:\/\/cine3d.ch\/index.php?rest_route=\/wp\/v2\/types\/page"}],"author":[{"embeddable":true,"href":"https:\/\/cine3d.ch\/index.php?rest_route=\/wp\/v2\/users\/2"}],"replies":[{"embeddable":true,"href":"https:\/\/cine3d.ch\/index.php?rest_route=%2Fwp%2Fv2%2Fcomments&post=1568"}],"version-history":[{"count":74,"href":"https:\/\/cine3d.ch\/index.php?rest_route=\/wp\/v2\/pages\/1568\/revisions"}],"predecessor-version":[{"id":1991,"href":"https:\/\/cine3d.ch\/index.php?rest_route=\/wp\/v2\/pages\/1568\/revisions\/1991"}],"wp:attachment":[{"href":"https:\/\/cine3d.ch\/index.php?rest_route=%2Fwp%2Fv2%2Fmedia&parent=1568"}],"curies":[{"name":"wp","href":"https:\/\/api.w.org\/{rel}","templated":true}]}}