{"id":1602,"date":"2018-01-16T14:32:12","date_gmt":"2018-01-16T13:32:12","guid":{"rendered":"http:\/\/cine3d.ch\/?page_id=1602"},"modified":"2018-05-29T14:04:01","modified_gmt":"2018-05-29T13:04:01","slug":"la-nuit-de-lours-2012-2-2-2-2","status":"publish","type":"page","link":"https:\/\/cine3d.ch\/?page_id=1602","title":{"rendered":"Dimanche (2018) de Fanny Dreyer et Ga\u00ebl Kyriakidis"},"content":{"rendered":"<p>[vc_row row_type=\u00a0\u00bbrow\u00a0\u00bb use_row_as_full_screen_section=\u00a0\u00bbno\u00a0\u00bb type=\u00a0\u00bbfull_width\u00a0\u00bb angled_section=\u00a0\u00bbno\u00a0\u00bb text_align=\u00a0\u00bbleft\u00a0\u00bb background_image_as_pattern=\u00a0\u00bbwithout_pattern\u00a0\u00bb css_animation=\u00a0\u00bb\u00a0\u00bb][vc_column][vc_single_image image=\u00a0\u00bb1661&Prime; img_size=\u00a0\u00bblarge\u00a0\u00bb alignment=\u00a0\u00bbcenter\u00a0\u00bb qode_css_animation=\u00a0\u00bb\u00a0\u00bb][\/vc_column][\/vc_row][vc_row row_type=\u00a0\u00bbrow\u00a0\u00bb use_row_as_full_screen_section=\u00a0\u00bbno\u00a0\u00bb type=\u00a0\u00bbfull_width\u00a0\u00bb angled_section=\u00a0\u00bbno\u00a0\u00bb text_align=\u00a0\u00bbleft\u00a0\u00bb background_image_as_pattern=\u00a0\u00bbwithout_pattern\u00a0\u00bb css_animation=\u00a0\u00bb\u00a0\u00bb][vc_column][vc_column_text]<\/p>\n<p class=\"p2\" style=\"text-align: center;\"><span class=\"s1\">Un film de\u00a0Fanny Dreyer et Ga\u00ebl Kyriakidis<\/span><\/p>\n<p>[\/vc_column_text][\/vc_column][\/vc_row][vc_row row_type=\u00a0\u00bbrow\u00a0\u00bb use_row_as_full_screen_section=\u00a0\u00bbno\u00a0\u00bb type=\u00a0\u00bbfull_width\u00a0\u00bb angled_section=\u00a0\u00bbno\u00a0\u00bb text_align=\u00a0\u00bbleft\u00a0\u00bb background_image_as_pattern=\u00a0\u00bbwithout_pattern\u00a0\u00bb css_animation=\u00a0\u00bb\u00a0\u00bb][vc_column][vc_empty_space][\/vc_column][\/vc_row][vc_row row_type=\u00a0\u00bbrow\u00a0\u00bb use_row_as_full_screen_section=\u00a0\u00bbno\u00a0\u00bb type=\u00a0\u00bbfull_width\u00a0\u00bb angled_section=\u00a0\u00bbno\u00a0\u00bb text_align=\u00a0\u00bbleft\u00a0\u00bb background_image_as_pattern=\u00a0\u00bbwithout_pattern\u00a0\u00bb css_animation=\u00a0\u00bb\u00a0\u00bb][vc_column][vc_tabs style=\u00a0\u00bbhorizontal\u00a0\u00bb][vc_tab title=\u00a0\u00bbVid\u00e9o\u00a0\u00bb tab_id=\u00a0\u00bb1527598542965-4-5&Prime;][vc_video link=\u00a0\u00bbhttps:\/\/vimeo.com\/272356147&Prime;][\/vc_tab][vc_tab title=\u00a0\u00bbimages\u00a0\u00bb tab_id=\u00a0\u00bb1484684479300-2-3&Prime;][vc_gallery interval=\u00a0\u00bb3&Prime; images=\u00a0\u00bb1603,1604,1605,1606,1607,1608&Prime; img_size=\u00a0\u00bbfull\u00a0\u00bb][\/vc_tab][vc_tab title=\u00a0\u00bbpitch\u00a0\u00bb tab_id=\u00a0\u00bba5618a2d-977c-8&Prime;][vc_column_text]Expuls\u00e9 de la machine-semaine pour incomp\u00e9tence, Dimanche rencontre un<\/p>\n<p>myst\u00e9rieux alter ego qui l\u2019emm\u00e8ne dans une balade contemplative \u00e0 travers les<\/p>\n<p>\u00e9l\u00e9ments. A l\u2019issue d\u2019un voyage int\u00e9rieur onirique, Dimanche revient dans la machinesemaine<\/p>\n<p>pour la r\u00e9inventer.[\/vc_column_text][\/vc_tab][vc_tab title=\u00a0\u00bbg\u00e9n\u00e9rique\u00a0\u00bb tab_id=\u00a0\u00bb1484775551098-5-3&Prime;][vc_column_text]<\/p>\n<p style=\"text-align: center;\">Un film de Fanny Dreyer &amp; Ga\u00ebl Kyriakidis<\/p>\n<p style=\"text-align: center;\">Ecrit par Fanny Dreyer &amp; Ga\u00ebl Kyriakidis<\/p>\n<p style=\"text-align: center;\">Produit par Sam &amp; Fred Guillaume &#8211; Cine3d<\/p>\n<p style=\"text-align: center;\">Coproduit par la RTS Radio T\u00e9l\u00e9vision Suisse<\/p>\n<p style=\"text-align: center;\">Avec le soutien de l\u2019Office F\u00e9d\u00e9ral de la Culture (OFC) Avec la participation de Cin\u00e9forom et le soutien de la Loterie Romande et du pourcent culturel Migros<\/p>\n<p style=\"text-align: center;\">Ce film a b\u00e9n\u00e9fici\u00e9 du soutien de FOCAL et de la Fondation Ernst G\u00f6hner dans le cadre du programme STAGE POOL<\/p>\n<p style=\"text-align: center;\">Direction artistique et Illustrations Fanny Dreyer<\/p>\n<p style=\"text-align: center;\">Illustrations additionnelles Chlo\u00e9 Perarnau, Anne Laval<\/p>\n<p style=\"text-align: center;\">D\u00e9tourage Fanny Dreyer, Chlo\u00e9 Perarnau<\/p>\n<p style=\"text-align: center;\">Direction d\u2019animation Jeanne Boukraa<\/p>\n<p style=\"text-align: center;\">Animation Jeanne Boukraa, Camille M\u00fcller, J\u00e9r\u00e9mie Dupraz<\/p>\n<p style=\"text-align: center;\">Chef Rigging Camilo De Martino<\/p>\n<p style=\"text-align: center;\">Compositing et Rigging Camilo De Martino, J\u00e9r\u00e9mie Dupraz<\/p>\n<p style=\"text-align: center;\">Gestion de la fabrication Sam Guillaume<\/p>\n<p style=\"text-align: center;\">Montage Sam Guillaume<\/p>\n<p style=\"text-align: center;\">Musique Voix, clavier, composition, arrangement, production et direction artistique Ga\u00ebl Kyriakidis<\/p>\n<p style=\"text-align: center;\">Guitare Beno\u00eet Gisler<\/p>\n<p style=\"text-align: center;\">Arrangements additionnels Christian Pahud<\/p>\n<p style=\"text-align: center;\">Son Sound design &amp; mixage Florian Pittet<\/p>\n<p style=\"text-align: center;\">Etalonnage Jean-Baptiste Perrin Sapristi Studio<\/p>\n<p>[\/vc_column_text][\/vc_tab][vc_tab title=\u00a0\u00bbinfos\u00a0\u00bb tab_id=\u00a0\u00bb0dc78f23-7047-7&Prime;][vc_column_text]<\/p>\n<p style=\"text-align: center;\">Un court-m\u00e9trage de Fanny Dreyer et Ga\u00ebl Kyriakidis<br \/>\nProduit par Cine3d<br \/>\nDigital cutout, 10 minutes, 2018<\/p>\n<p>[\/vc_column_text][\/vc_tab][\/vc_tabs][\/vc_column][\/vc_row]<\/p>\n","protected":false},"excerpt":{"rendered":"<p>[vc_row row_type=\u00a0\u00bbrow\u00a0\u00bb use_row_as_full_screen_section=\u00a0\u00bbno\u00a0\u00bb type=\u00a0\u00bbfull_width\u00a0\u00bb angled_section=\u00a0\u00bbno\u00a0\u00bb text_align=\u00a0\u00bbleft\u00a0\u00bb background_image_as_pattern=\u00a0\u00bbwithout_pattern\u00a0\u00bb css_animation=\u00a0\u00bb\u00a0\u00bb][vc_column][vc_single_image image=\u00a0\u00bb1661&Prime; img_size=\u00a0\u00bblarge\u00a0\u00bb alignment=\u00a0\u00bbcenter\u00a0\u00bb qode_css_animation=\u00a0\u00bb\u00a0\u00bb][\/vc_column][\/vc_row][vc_row row_type=\u00a0\u00bbrow\u00a0\u00bb use_row_as_full_screen_section=\u00a0\u00bbno\u00a0\u00bb type=\u00a0\u00bbfull_width\u00a0\u00bb angled_section=\u00a0\u00bbno\u00a0\u00bb text_align=\u00a0\u00bbleft\u00a0\u00bb background_image_as_pattern=\u00a0\u00bbwithout_pattern\u00a0\u00bb css_animation=\u00a0\u00bb\u00a0\u00bb][vc_column][vc_column_text] Un film de\u00a0Fanny Dreyer et Ga\u00ebl Kyriakidis [\/vc_column_text][\/vc_column][\/vc_row][vc_row row_type=\u00a0\u00bbrow\u00a0\u00bb use_row_as_full_screen_section=\u00a0\u00bbno\u00a0\u00bb type=\u00a0\u00bbfull_width\u00a0\u00bb angled_section=\u00a0\u00bbno\u00a0\u00bb text_align=\u00a0\u00bbleft\u00a0\u00bb background_image_as_pattern=\u00a0\u00bbwithout_pattern\u00a0\u00bb css_animation=\u00a0\u00bb\u00a0\u00bb][vc_column][vc_empty_space][\/vc_column][\/vc_row][vc_row row_type=\u00a0\u00bbrow\u00a0\u00bb use_row_as_full_screen_section=\u00a0\u00bbno\u00a0\u00bb type=\u00a0\u00bbfull_width\u00a0\u00bb angled_section=\u00a0\u00bbno\u00a0\u00bb text_align=\u00a0\u00bbleft\u00a0\u00bb background_image_as_pattern=\u00a0\u00bbwithout_pattern\u00a0\u00bb css_animation=\u00a0\u00bb\u00a0\u00bb][vc_column][vc_tabs style=\u00a0\u00bbhorizontal\u00a0\u00bb][vc_tab title=\u00a0\u00bbVid\u00e9o\u00a0\u00bb tab_id=\u00a0\u00bb1527598542965-4-5&Prime;][vc_video link=\u00a0\u00bbhttps:\/\/vimeo.com\/272356147&Prime;][\/vc_tab][vc_tab&#8230;<\/p>\n","protected":false},"author":2,"featured_media":0,"parent":0,"menu_order":0,"comment_status":"closed","ping_status":"closed","template":"","meta":[],"_links":{"self":[{"href":"https:\/\/cine3d.ch\/index.php?rest_route=\/wp\/v2\/pages\/1602"}],"collection":[{"href":"https:\/\/cine3d.ch\/index.php?rest_route=\/wp\/v2\/pages"}],"about":[{"href":"https:\/\/cine3d.ch\/index.php?rest_route=\/wp\/v2\/types\/page"}],"author":[{"embeddable":true,"href":"https:\/\/cine3d.ch\/index.php?rest_route=\/wp\/v2\/users\/2"}],"replies":[{"embeddable":true,"href":"https:\/\/cine3d.ch\/index.php?rest_route=%2Fwp%2Fv2%2Fcomments&post=1602"}],"version-history":[{"count":10,"href":"https:\/\/cine3d.ch\/index.php?rest_route=\/wp\/v2\/pages\/1602\/revisions"}],"predecessor-version":[{"id":1676,"href":"https:\/\/cine3d.ch\/index.php?rest_route=\/wp\/v2\/pages\/1602\/revisions\/1676"}],"wp:attachment":[{"href":"https:\/\/cine3d.ch\/index.php?rest_route=%2Fwp%2Fv2%2Fmedia&parent=1602"}],"curies":[{"name":"wp","href":"https:\/\/api.w.org\/{rel}","templated":true}]}}