{"id":1729,"date":"2019-04-10T10:06:53","date_gmt":"2019-04-10T09:06:53","guid":{"rendered":"http:\/\/cine3d.ch\/?page_id=1729"},"modified":"2023-04-16T16:44:37","modified_gmt":"2023-04-16T15:44:37","slug":"la-nuit-de-lours-2012-2-2-3-4-2-2","status":"publish","type":"page","link":"https:\/\/cine3d.ch\/?page_id=1729","title":{"rendered":"Expo Poussins (2019)"},"content":{"rendered":"<p>[vc_row css_animation=\u00a0\u00bb\u00a0\u00bb row_type=\u00a0\u00bbrow\u00a0\u00bb use_row_as_full_screen_section=\u00a0\u00bbno\u00a0\u00bb type=\u00a0\u00bbfull_width\u00a0\u00bb angled_section=\u00a0\u00bbno\u00a0\u00bb text_align=\u00a0\u00bbleft\u00a0\u00bb background_image_as_pattern=\u00a0\u00bbwithout_pattern\u00a0\u00bb][vc_column][vc_empty_space][vc_single_image image=\u00a0\u00bb1745&Prime; img_size=\u00a0\u00bbmedium\u00a0\u00bb alignment=\u00a0\u00bbcenter\u00a0\u00bb qode_css_animation=\u00a0\u00bb\u00a0\u00bb][\/vc_column][\/vc_row][vc_row css_animation=\u00a0\u00bb\u00a0\u00bb row_type=\u00a0\u00bbrow\u00a0\u00bb use_row_as_full_screen_section=\u00a0\u00bbno\u00a0\u00bb type=\u00a0\u00bbfull_width\u00a0\u00bb angled_section=\u00a0\u00bbno\u00a0\u00bb text_align=\u00a0\u00bbleft\u00a0\u00bb background_image_as_pattern=\u00a0\u00bbwithout_pattern\u00a0\u00bb][vc_column][vc_empty_space][\/vc_column][\/vc_row][vc_row css_animation=\u00a0\u00bb\u00a0\u00bb row_type=\u00a0\u00bbrow\u00a0\u00bb use_row_as_full_screen_section=\u00a0\u00bbno\u00a0\u00bb type=\u00a0\u00bbfull_width\u00a0\u00bb angled_section=\u00a0\u00bbno\u00a0\u00bb text_align=\u00a0\u00bbleft\u00a0\u00bb background_image_as_pattern=\u00a0\u00bbwithout_pattern\u00a0\u00bb][vc_column][vc_tabs style=\u00a0\u00bbhorizontal\u00a0\u00bb][vc_tab title=\u00a0\u00bbVid\u00e9o\u00a0\u00bb tab_id=\u00a0\u00bb1556889059866-5-5&Prime;][vc_video link=\u00a0\u00bbhttps:\/\/vimeo.com\/333969941&Prime;][\/vc_tab][vc_tab title=\u00a0\u00bbimages\u00a0\u00bb tab_id=\u00a0\u00bb1484684479300-2-3&Prime;][vc_gallery interval=\u00a0\u00bb3&Prime; images=\u00a0\u00bb1737,1736,1735,1734,1733,1854,1853,1731,1730,1732&Prime; img_size=\u00a0\u00bbfull\u00a0\u00bb][\/vc_tab][vc_tab title=\u00a0\u00bbAffiche\u00a0\u00bb tab_id=\u00a0\u00bb1516111811930-4-1&Prime;][vc_single_image image=\u00a0\u00bb1743&Prime; img_size=\u00a0\u00bbfull\u00a0\u00bb alignment=\u00a0\u00bbcenter\u00a0\u00bb qode_css_animation=\u00a0\u00bb\u00a0\u00bb][\/vc_tab][vc_tab title=\u00a0\u00bbTeaser\u00a0\u00bb tab_id=\u00a0\u00bb1516108064748-3-10&Prime;][vc_video link=\u00a0\u00bbhttps:\/\/vimeo.com\/317478226&Prime; align=\u00a0\u00bbcenter\u00a0\u00bb title=\u00a0\u00bbteaser\u00a0\u00bb][\/vc_tab][vc_tab title=\u00a0\u00bbPitch\u00a0\u00bb tab_id=\u00a0\u00bba5618a2d-977c-8&Prime;][vc_column_text]<\/p>\n<div class=\"vc_col-sm-6 wpb_column vc_column_container vc_custom_1427718485064\">\n<div class=\"wpb_wrapper\">\n<div class=\"wpb_text_column wpb_content_element \">\n<div class=\"wpb_wrapper\"><strong>Mus\u00e9e d\u2019histoire naturelle Fribourg<\/strong><\/div>\n<div class=\"wpb_wrapper\"><strong>23.03 \u2013 28.04.2019<\/strong><\/div>\n<div><\/div>\n<div class=\"wpb_wrapper\">A l\u2019\u00e8re des r\u00e9seaux sociaux, le Mus\u00e9e d\u2019histoire naturelle de Fribourg se met \u00e0 la communication&#8230; chez les poules. Destin\u00e9e avant tout au jeune public, l\u2019exposition \u00ab Poussins \u2013 Cot-cot-cot-codec \u00bb est, pour la troisi\u00e8me ann\u00e9e cons\u00e9cutive, d\u00e9pourvue de texte. R\u00e9alis\u00e9e en collaboration avec les fr\u00e8res Sam et Fred Guillaume, elle s\u2019accompagne d\u2019un court-m\u00e9trage d\u2019animation participatif. Qui sait ? Peut-\u00eatre cette ann\u00e9e comprendra-t-on enfin ce qui se dit dans le poulailler.<\/div>\n<\/div>\n<\/div>\n<\/div>\n<p>[\/vc_column_text][\/vc_tab][vc_tab title=\u00a0\u00bbEquipe\u00a0\u00bb tab_id=\u00a0\u00bb1484770926199-5-7&Prime;][vc_column_text]<\/p>\n<p class=\"show-author\" style=\"text-align: center;\"><strong>Une exposition du Mus\u00e9e d\u2019histoire naturelle Fribourg (MHNF)\u00a0r\u00e9alis\u00e9e en collaboration avec Sam et Fred Guillaume<\/strong><\/p>\n<p>&nbsp;<\/p>\n<p class=\"show-author\" style=\"text-align: center;\">CONCEPTION ET R\u00c9ALISATION<\/p>\n<p class=\"show-author\" style=\"text-align: center;\">Gestion du projet<br \/>\nMich\u00e8le Widmer \u2013 MHNF<\/p>\n<p class=\"show-author\" style=\"text-align: center;\"><strong>Conception<\/strong><br \/>\nMich\u00e8le Widmer, Peter Wandeler, Laurence Perler Antille, Catherine Pfister Aspert \u2013 MHNF<\/p>\n<p>&nbsp;<\/p>\n<p class=\"show-author\" style=\"text-align: center;\"><strong>Court-m\u00e9trage<\/strong><br \/>\nConception : Sam et Fred Guillaume, Mich\u00e8le Widmer \u2013 MHNF<br \/>\nR\u00e9alisation : Sam et Fred Guillaume Cri des poules : Sophie Lumineau, Universit\u00e9 de Rennes<br \/>\nBande-son : Florian Pittet<\/p>\n<p>&nbsp;<\/p>\n<p class=\"show-author\" style=\"text-align: center;\"><strong>Ateliers techniques<\/strong><\/p>\n<p class=\"show-author\" style=\"text-align: center;\">Eclairage:\u00a0Pascal Sch\u00f6pfer \u2013 MHNF<\/p>\n<p class=\"show-author\" style=\"text-align: center;\">Multim\u00e9dia : Pascal Sch\u00f6pfer \u2013 MHNF, Simon Sch\u00f6pfer, Jacques Supcik \u2013 Haute \u00e9cole d\u2019ing\u00e9nierie et d\u2019architecture Fribourg<\/p>\n<p class=\"show-author\" style=\"text-align: center;\">Silhouettes d\u00e9coup\u00e9es : Sam et Fred Guillaume, Boris Baeriswyl \u2013 MHNF<\/p>\n<p class=\"show-author\" style=\"text-align: center;\">Menuiserie et constructions : Boris Baeriswyl, Guy Meyer \u2013 MHNF<\/p>\n<p class=\"show-author\" style=\"text-align: center;\">Montage : Boris Baeriswyl, Romain Cottet, Guy Meyer, Leo Rumo, Pascal Sch\u00f6pfer<\/p>\n<p>[\/vc_column_text][\/vc_tab][\/vc_tabs][\/vc_column][\/vc_row][vc_row css_animation=\u00a0\u00bb\u00a0\u00bb row_type=\u00a0\u00bbrow\u00a0\u00bb use_row_as_full_screen_section=\u00a0\u00bbno\u00a0\u00bb type=\u00a0\u00bbfull_width\u00a0\u00bb angled_section=\u00a0\u00bbno\u00a0\u00bb text_align=\u00a0\u00bbleft\u00a0\u00bb background_image_as_pattern=\u00a0\u00bbwithout_pattern\u00a0\u00bb][vc_column][\/vc_column][\/vc_row]<\/p>\n","protected":false},"excerpt":{"rendered":"<p>[vc_row css_animation=\u00a0\u00bb\u00a0\u00bb row_type=\u00a0\u00bbrow\u00a0\u00bb use_row_as_full_screen_section=\u00a0\u00bbno\u00a0\u00bb type=\u00a0\u00bbfull_width\u00a0\u00bb angled_section=\u00a0\u00bbno\u00a0\u00bb text_align=\u00a0\u00bbleft\u00a0\u00bb background_image_as_pattern=\u00a0\u00bbwithout_pattern\u00a0\u00bb][vc_column][vc_empty_space][vc_single_image image=\u00a0\u00bb1745&Prime; img_size=\u00a0\u00bbmedium\u00a0\u00bb alignment=\u00a0\u00bbcenter\u00a0\u00bb qode_css_animation=\u00a0\u00bb\u00a0\u00bb][\/vc_column][\/vc_row][vc_row css_animation=\u00a0\u00bb\u00a0\u00bb row_type=\u00a0\u00bbrow\u00a0\u00bb use_row_as_full_screen_section=\u00a0\u00bbno\u00a0\u00bb type=\u00a0\u00bbfull_width\u00a0\u00bb angled_section=\u00a0\u00bbno\u00a0\u00bb text_align=\u00a0\u00bbleft\u00a0\u00bb background_image_as_pattern=\u00a0\u00bbwithout_pattern\u00a0\u00bb][vc_column][vc_empty_space][\/vc_column][\/vc_row][vc_row css_animation=\u00a0\u00bb\u00a0\u00bb row_type=\u00a0\u00bbrow\u00a0\u00bb use_row_as_full_screen_section=\u00a0\u00bbno\u00a0\u00bb type=\u00a0\u00bbfull_width\u00a0\u00bb angled_section=\u00a0\u00bbno\u00a0\u00bb text_align=\u00a0\u00bbleft\u00a0\u00bb background_image_as_pattern=\u00a0\u00bbwithout_pattern\u00a0\u00bb][vc_column][vc_tabs style=\u00a0\u00bbhorizontal\u00a0\u00bb][vc_tab title=\u00a0\u00bbVid\u00e9o\u00a0\u00bb tab_id=\u00a0\u00bb1556889059866-5-5&Prime;][vc_video link=\u00a0\u00bbhttps:\/\/vimeo.com\/333969941&Prime;][\/vc_tab][vc_tab title=\u00a0\u00bbimages\u00a0\u00bb tab_id=\u00a0\u00bb1484684479300-2-3&Prime;][vc_gallery interval=\u00a0\u00bb3&Prime; images=\u00a0\u00bb1737,1736,1735,1734,1733,1854,1853,1731,1730,1732&Prime; img_size=\u00a0\u00bbfull\u00a0\u00bb][\/vc_tab][vc_tab title=\u00a0\u00bbAffiche\u00a0\u00bb tab_id=\u00a0\u00bb1516111811930-4-1&Prime;][vc_single_image image=\u00a0\u00bb1743&Prime; img_size=\u00a0\u00bbfull\u00a0\u00bb alignment=\u00a0\u00bbcenter\u00a0\u00bb qode_css_animation=\u00a0\u00bb\u00a0\u00bb][\/vc_tab][vc_tab title=\u00a0\u00bbTeaser\u00a0\u00bb tab_id=\u00a0\u00bb1516108064748-3-10&Prime;][vc_video link=\u00a0\u00bbhttps:\/\/vimeo.com\/317478226&Prime; align=\u00a0\u00bbcenter\u00a0\u00bb&#8230;<\/p>\n","protected":false},"author":2,"featured_media":0,"parent":0,"menu_order":0,"comment_status":"closed","ping_status":"closed","template":"","meta":[],"_links":{"self":[{"href":"https:\/\/cine3d.ch\/index.php?rest_route=\/wp\/v2\/pages\/1729"}],"collection":[{"href":"https:\/\/cine3d.ch\/index.php?rest_route=\/wp\/v2\/pages"}],"about":[{"href":"https:\/\/cine3d.ch\/index.php?rest_route=\/wp\/v2\/types\/page"}],"author":[{"embeddable":true,"href":"https:\/\/cine3d.ch\/index.php?rest_route=\/wp\/v2\/users\/2"}],"replies":[{"embeddable":true,"href":"https:\/\/cine3d.ch\/index.php?rest_route=%2Fwp%2Fv2%2Fcomments&post=1729"}],"version-history":[{"count":17,"href":"https:\/\/cine3d.ch\/index.php?rest_route=\/wp\/v2\/pages\/1729\/revisions"}],"predecessor-version":[{"id":2153,"href":"https:\/\/cine3d.ch\/index.php?rest_route=\/wp\/v2\/pages\/1729\/revisions\/2153"}],"wp:attachment":[{"href":"https:\/\/cine3d.ch\/index.php?rest_route=%2Fwp%2Fv2%2Fmedia&parent=1729"}],"curies":[{"name":"wp","href":"https:\/\/api.w.org\/{rel}","templated":true}]}}