{"id":1923,"date":"2019-10-23T16:10:28","date_gmt":"2019-10-23T15:10:28","guid":{"rendered":"http:\/\/cine3d.ch\/?page_id=1923"},"modified":"2019-10-23T16:28:37","modified_gmt":"2019-10-23T15:28:37","slug":"la-nuit-de-lours-2012-2-2-3-6-2-3-2-3","status":"publish","type":"page","link":"https:\/\/cine3d.ch\/?page_id=1923","title":{"rendered":"Acide attaque (2019)"},"content":{"rendered":"<p>[vc_row css_animation=\u00a0\u00bb\u00a0\u00bb row_type=\u00a0\u00bbrow\u00a0\u00bb use_row_as_full_screen_section=\u00a0\u00bbno\u00a0\u00bb type=\u00a0\u00bbgrid\u00a0\u00bb angled_section=\u00a0\u00bbno\u00a0\u00bb text_align=\u00a0\u00bbleft\u00a0\u00bb background_image_as_pattern=\u00a0\u00bbwithout_pattern\u00a0\u00bb][vc_column][vc_single_image image=\u00a0\u00bb1929&Prime; img_size=\u00a0\u00bb435&#215;177&Prime; alignment=\u00a0\u00bbcenter\u00a0\u00bb qode_css_animation=\u00a0\u00bb\u00a0\u00bb][vc_empty_space height=\u00a0\u00bb50px\u00a0\u00bb][vc_column_text]Deuxi\u00e8me \u00e9pisode des aventures de Tim et L\u00e9a destin\u00e9 aux \u00e9l\u00e8ves du Cycle II du canton de Fribourg. Cette fois nos h\u00e9ros sont confront\u00e9s \u00e0 une attaque acide sans pr\u00e9c\u00e9dent. Comment vont-ils s&rsquo;en sortir?[\/vc_column_text][vc_empty_space][\/vc_column][\/vc_row][vc_row css_animation=\u00a0\u00bb\u00a0\u00bb row_type=\u00a0\u00bbrow\u00a0\u00bb use_row_as_full_screen_section=\u00a0\u00bbno\u00a0\u00bb type=\u00a0\u00bbfull_width\u00a0\u00bb angled_section=\u00a0\u00bbno\u00a0\u00bb text_align=\u00a0\u00bbleft\u00a0\u00bb background_image_as_pattern=\u00a0\u00bbwithout_pattern\u00a0\u00bb][vc_column][vc_tabs style=\u00a0\u00bbhorizontal\u00a0\u00bb][vc_tab title=\u00a0\u00bbVid\u00e9os\u00a0\u00bb tab_id=\u00a0\u00bbf9d059af-883c-8&Prime;][vc_column_text]<\/p>\n<p style=\"text-align: center;\">Version fran\u00e7aise<\/p>\n<p>[\/vc_column_text][vc_video link=\u00a0\u00bbhttps:\/\/vimeo.com\/267375128&Prime; el_width=\u00a0\u00bb70&Prime; align=\u00a0\u00bbcenter\u00a0\u00bb][vc_empty_space][vc_column_text]<\/p>\n<p style=\"text-align: center;\">Version Allemande<\/p>\n<p>[\/vc_column_text][vc_video link=\u00a0\u00bbhttps:\/\/vimeo.com\/296023846&Prime; el_width=\u00a0\u00bb70&Prime; align=\u00a0\u00bbcenter\u00a0\u00bb][\/vc_tab][vc_tab title=\u00a0\u00bbVersions sourds et malentendants\u00a0\u00bb tab_id=\u00a0\u00bb1571844064740-2-8&Prime;][vc_column_text]Comme pour le premier \u00e9pisode, nous avons r\u00e9alis\u00e9 une version pour sourds et malentendants en fran\u00e7ais et allemand[\/vc_column_text][vc_empty_space height=\u00a0\u00bb20px\u00a0\u00bb][vc_video link=\u00a0\u00bbhttps:\/\/vimeo.com\/295999682&Prime; el_width=\u00a0\u00bb70&Prime; align=\u00a0\u00bbcenter\u00a0\u00bb][vc_empty_space height=\u00a0\u00bb20px\u00a0\u00bb][vc_video link=\u00a0\u00bbhttps:\/\/vimeo.com\/300271715&Prime; el_width=\u00a0\u00bb70&Prime; align=\u00a0\u00bbcenter\u00a0\u00bb][\/vc_tab][vc_tab title=\u00a0\u00bbG\u00e9n\u00e9rique\u00a0\u00bb tab_id=\u00a0\u00bb7e8c0eb5-1d7b-8&Prime;][vc_single_image image=\u00a0\u00bb1936&Prime; img_size=\u00a0\u00bblarge\u00a0\u00bb alignment=\u00a0\u00bbcenter\u00a0\u00bb qode_css_animation=\u00a0\u00bb\u00a0\u00bb][\/vc_tab][\/vc_tabs][\/vc_column][\/vc_row]<\/p>\n","protected":false},"excerpt":{"rendered":"<p>[vc_row css_animation=\u00a0\u00bb\u00a0\u00bb row_type=\u00a0\u00bbrow\u00a0\u00bb use_row_as_full_screen_section=\u00a0\u00bbno\u00a0\u00bb type=\u00a0\u00bbgrid\u00a0\u00bb angled_section=\u00a0\u00bbno\u00a0\u00bb text_align=\u00a0\u00bbleft\u00a0\u00bb background_image_as_pattern=\u00a0\u00bbwithout_pattern\u00a0\u00bb][vc_column][vc_single_image image=\u00a0\u00bb1929&Prime; img_size=\u00a0\u00bb435&#215;177&Prime; alignment=\u00a0\u00bbcenter\u00a0\u00bb qode_css_animation=\u00a0\u00bb\u00a0\u00bb][vc_empty_space height=\u00a0\u00bb50px\u00a0\u00bb][vc_column_text]Deuxi\u00e8me \u00e9pisode des aventures de Tim et L\u00e9a destin\u00e9 aux \u00e9l\u00e8ves du Cycle II du canton de Fribourg. Cette fois nos h\u00e9ros sont confront\u00e9s \u00e0 une attaque acide sans pr\u00e9c\u00e9dent. Comment vont-ils s&rsquo;en&#8230;<\/p>\n","protected":false},"author":2,"featured_media":0,"parent":0,"menu_order":0,"comment_status":"closed","ping_status":"closed","template":"","meta":[],"_links":{"self":[{"href":"https:\/\/cine3d.ch\/index.php?rest_route=\/wp\/v2\/pages\/1923"}],"collection":[{"href":"https:\/\/cine3d.ch\/index.php?rest_route=\/wp\/v2\/pages"}],"about":[{"href":"https:\/\/cine3d.ch\/index.php?rest_route=\/wp\/v2\/types\/page"}],"author":[{"embeddable":true,"href":"https:\/\/cine3d.ch\/index.php?rest_route=\/wp\/v2\/users\/2"}],"replies":[{"embeddable":true,"href":"https:\/\/cine3d.ch\/index.php?rest_route=%2Fwp%2Fv2%2Fcomments&post=1923"}],"version-history":[{"count":7,"href":"https:\/\/cine3d.ch\/index.php?rest_route=\/wp\/v2\/pages\/1923\/revisions"}],"predecessor-version":[{"id":1938,"href":"https:\/\/cine3d.ch\/index.php?rest_route=\/wp\/v2\/pages\/1923\/revisions\/1938"}],"wp:attachment":[{"href":"https:\/\/cine3d.ch\/index.php?rest_route=%2Fwp%2Fv2%2Fmedia&parent=1923"}],"curies":[{"name":"wp","href":"https:\/\/api.w.org\/{rel}","templated":true}]}}