{"id":2019,"date":"2021-12-20T11:08:27","date_gmt":"2021-12-20T10:08:27","guid":{"rendered":"http:\/\/cine3d.ch\/?page_id=2019"},"modified":"2022-02-01T17:56:05","modified_gmt":"2022-02-01T16:56:05","slug":"la-nuit-de-lours-2012-2-2-4-2","status":"publish","type":"page","link":"https:\/\/cine3d.ch\/?page_id=2019","title":{"rendered":"Les r\u00e9parateurs (2021)"},"content":{"rendered":"<p>[vc_row css_animation=\u00a0\u00bb\u00a0\u00bb row_type=\u00a0\u00bbrow\u00a0\u00bb use_row_as_full_screen_section=\u00a0\u00bbno\u00a0\u00bb type=\u00a0\u00bbgrid\u00a0\u00bb angled_section=\u00a0\u00bbno\u00a0\u00bb text_align=\u00a0\u00bbleft\u00a0\u00bb background_image_as_pattern=\u00a0\u00bbwithout_pattern\u00a0\u00bb][vc_column][vc_single_image image=\u00a0\u00bb2049&Prime; img_size=\u00a0\u00bb1150X272&Prime; alignment=\u00a0\u00bbcenter\u00a0\u00bb qode_css_animation=\u00a0\u00bb\u00a0\u00bb][\/vc_column][\/vc_row][vc_row css_animation=\u00a0\u00bb\u00a0\u00bb row_type=\u00a0\u00bbrow\u00a0\u00bb use_row_as_full_screen_section=\u00a0\u00bbno\u00a0\u00bb type=\u00a0\u00bbfull_width\u00a0\u00bb angled_section=\u00a0\u00bbno\u00a0\u00bb text_align=\u00a0\u00bbleft\u00a0\u00bb background_image_as_pattern=\u00a0\u00bbwithout_pattern\u00a0\u00bb][vc_column][vc_tabs style=\u00a0\u00bbhorizontal\u00a0\u00bb][vc_tab title=\u00a0\u00bbimages\u00a0\u00bb tab_id=\u00a0\u00bb1484684479300-2-3&Prime;][vc_gallery interval=\u00a0\u00bb3&Prime; images=\u00a0\u00bb2045&Prime; img_size=\u00a0\u00bbfull\u00a0\u00bb][\/vc_tab][vc_tab title=\u00a0\u00bbinfos\u00a0\u00bb tab_id=\u00a0\u00bb0dc78f23-7047-7&Prime;][vc_column_text]<\/p>\n<div class=\"accordion__content\">\n<div class=\"field field--name-field-content field--type-entity-reference-revisions field--label-hidden field__items\">\n<div class=\"field__item\">\n<div id=\"\" class=\"paragraph paragraph--type--text paragraph--view-mode--default\">\n<div class=\"clearfix text-formatted field field--name-field-text field--type-text-long field--label-hidden field__item\">\n<p><strong>01.12.21 &#8211; 09.01.22 : Tous les soirs, accompagnez Les R\u00e9parateurs dans leur tourn\u00e9e nocturne \u00e0 la recherche d&rsquo;anomalies urbaines. Soyez les t\u00e9moins de leurs interventions po\u00e9tiques et d\u00e9cal\u00e9es !<\/strong><\/p>\n<p><strong>Vous \u00eates acteurs et actrices de cette tourn\u00e9e nocturne ! A chaque lieu, trouvez le poussoir rouge pour actionner la s\u00e9quence.\u00a0<\/strong><\/p>\n<ul>\n<li>Dur\u00e9e des s\u00e9quences de\u00a05 \u00e0 10 minutes par lieu. Il faut compter env. 1h30 pour r\u00e9aliser la tourn\u00e9e nocturne dans sa globalit\u00e9.<\/li>\n<li>Acc\u00e8s libre, sans restriction sanitaire (toutefois, en cas de forte affluence, nous vous remercions d&rsquo;appliquer\u00a0les mesures de protection n\u00e9cessaires : distanciation sociale et\/ou port du masque)<\/li>\n<li>Chaque projection a sa propre histoire et vous \u00eates libres de d\u00e9buter votre balade o\u00f9 bon vous semble.<\/li>\n<\/ul>\n<p>&nbsp;<\/p>\n<p>Nous vous conseillons n\u00e9anmoins les deux sens suivants :<\/p>\n<p><strong>Du Boulevard de P\u00e9rolles \u00e0 la Place des Ormeaux<\/strong><br \/>\nAcc\u00e8s en bus depuis la gare : Bus 1, dir.\u00a0Marly, G\u00e9rine<\/p>\n<p><strong>De la Place des Ormeaux ou Boulevard de P\u00e9rolles<\/strong><br \/>\nAcc\u00e8s en bus depuis la gare : Bus 1, dir.\u00a0Granges-Paccots \/ Bus \u00a02, dir.\u00a0Sch\u00f6nberg \/ Bus 6, dir.\u00a0Fribourg, Musy 4.<\/p>\n<\/div>\n<\/div>\n<\/div>\n<\/div>\n<\/div>\n<p>[\/vc_column_text][vc_single_image image=\u00a0\u00bb2058&Prime; img_size=\u00a0\u00bbfull\u00a0\u00bb qode_css_animation=\u00a0\u00bb\u00a0\u00bb][\/vc_tab][vc_tab title=\u00a0\u00bbpitch\u00a0\u00bb tab_id=\u00a0\u00bba5618a2d-977c-8&Prime;][vc_column_text]Le projet LES REPARATEURS invite le public \u00e0 suivre les p\u00e9r\u00e9grinations d\u2019un duo comique et po\u00e9tique \u00e0 travers la ville. Ces dr\u00f4les de personnages sont toujours l\u00e0 quand il faut&#8230;mais leur enthousiasme n\u2019a d\u2019\u00e9gal que leur maladresse! Pour cette cr\u00e9ation entre art vivant et illuminations, <strong>Sam et Fred Guillaume<\/strong> ne proposent\u00a0pas une simple d\u00e9coration de la ville, mais des d\u00e9tournements po\u00e9tiques de certains de ses \u00e9l\u00e9ments, \u00e0 travers un r\u00e9cit qui peut \u00eatre appr\u00e9hend\u00e9 dans une chronologie libre.<\/p>\n<p>Les personnages sont incarn\u00e9s par le duo de clowns <a href=\"http:\/\/www.lesdiptik.com\/fr\"><strong>Les Diptik<\/strong><\/a>\u00a0&#8211; Prix Suisse de la Sc\u00e8ne 2020.<\/p>\n<p>Ce projet se veut <strong>accessible \u00e0 toutes et tous<\/strong>, des enfants aux grands-parents; <strong>muet<\/strong>, il d\u00e9passe les barri\u00e8res des langues.[\/vc_column_text][\/vc_tab][vc_tab title=\u00a0\u00bbg\u00e9n\u00e9rique\u00a0\u00bb tab_id=\u00a0\u00bb1484775381456-5-7&Prime;][vc_column_text]<\/p>\n<div class=\"page\" title=\"Page 1\">\n<div class=\"section\">\n<div class=\"layoutArea\">\n<div class=\"column\">\n<p style=\"text-align: left;\">Avec le soutien de l&rsquo;<a href=\"https:\/\/www.fr.ch\/dics\/secu\">Etat de Fribourg<\/a>, l&rsquo;<a href=\"https:\/\/www.agglo-fr.ch\/\">Agglom\u00e9ration de Fribourg<\/a> et la <a href=\"https:\/\/www.loro.ch\/fr\">Loterie Romande<\/a><\/p>\n<p>Avec le soutien de l&rsquo;Etat de Fribourg, l&rsquo;Agglom\u00e9ration de Fribourg et la Loterie Romande<br \/>\nUn projet de <strong>Sam &amp; Fred Guillaume et la Ville de Fribourg<\/strong><br \/>\nConcept et r\u00e9alisation <strong>Sam et Fred Guillaume<\/strong><br \/>\nAvec <strong>Les Diptik (C\u00e9line Rey et David Melendy)<\/strong><br \/>\nGestion de projet <strong>Floriane Pochon \u2013 Ville de Fribourg<\/strong><br \/>\nCostumes <strong>Anne Marbacher<\/strong><br \/>\nConstruction m\u00e9tallique <strong>Alexis Thi\u00e9mard &amp; Jonas Thi\u00e9mard<\/strong><br \/>\nPost-production image <strong>Samuel Guillaume &amp; J\u00e9r\u00e9mie Dupraz<\/strong><br \/>\nPhotographie <strong>Olivier Savoy<\/strong><br \/>\nManipulation <strong>Simon Rey<\/strong><br \/>\nSerrurerie <strong>Tamer Kizildag \u2013 Ville de Fribourg<\/strong><br \/>\nPyrotechnie <strong>Philippe Fragni\u00e8re<\/strong><br \/>\nTechnique <strong>Imersis SA<\/strong><br \/>\nImpressions <strong>Centre d\u2019impression \u2013 Ville de Fribourg, Collaud &amp; Criblet SA<\/strong><br \/>\nInstallations <strong>Beno\u00eet Braichet, Yves Tercier, Pierre-Andr\u00e9 Hirt \u2013 Ville de Fribourg<\/strong><\/p>\n<p>Lieux partenaires<\/p>\n<p><strong>Pressing 5 \u00e0 sec, \u2028O.V.N.I.\u2028Maison Noctua, \u2028Librairie Librophoros P\u00e9rolles\u2028, Couvent des Ursulines\u2028, Th\u00e9\u00e2tre Equilibre-Nuithonie<\/strong><\/p>\n<p>Remerciements<\/p>\n<p><strong>Major Pascal Zwahlen, Service du feu de la Ville de Fribourg<\/strong><br \/>\n<strong>Martin Schick &#8211; Blue factory, laboratoire citoyens\u00b7nes<\/strong><br \/>\n<strong>Natacha Roos, Service de la culture, Ville de Fribourg<\/strong><br \/>\n<strong>Angelo Rossy<\/strong><\/p>\n<\/div>\n<\/div>\n<\/div>\n<\/div>\n<p>[\/vc_column_text][\/vc_tab][vc_tab title=\u00a0\u00bbmaking of\u00a0\u00bb tab_id=\u00a0\u00bb1639995328122-5-5&Prime;][vc_video link=\u00a0\u00bbhttps:\/\/vimeo.com\/623450615\/4254c39d7e\u00a0\u00bb align=\u00a0\u00bbcenter\u00a0\u00bb][\/vc_tab][vc_tab title=\u00a0\u00bbaffiches\u00a0\u00bb tab_id=\u00a0\u00bb1639996322272-5-3&Prime;][vc_gallery interval=\u00a0\u00bb3&Prime; images=\u00a0\u00bb2044,2043,2042,2041,2040,2039,2038,2037,2036,2035,2034,2033&Prime; img_size=\u00a0\u00bblarge\u00a0\u00bb][\/vc_tab][vc_tab title=\u00a0\u00bbS\u00e9quences\u00a0\u00bb tab_id=\u00a0\u00bb1643734301511-6-9&Prime;][vc_video link=\u00a0\u00bbhttps:\/\/vimeo.com\/510137683&Prime; align=\u00a0\u00bbcenter\u00a0\u00bb][vc_empty_space][vc_video link=\u00a0\u00bbhttps:\/\/vimeo.com\/510138590&Prime; align=\u00a0\u00bbcenter\u00a0\u00bb][vc_empty_space][vc_video link=\u00a0\u00bbhttps:\/\/vimeo.com\/510137114&Prime; align=\u00a0\u00bbcenter\u00a0\u00bb][vc_empty_space][vc_video link=\u00a0\u00bbhttps:\/\/vimeo.com\/672375612&Prime; align=\u00a0\u00bbcenter\u00a0\u00bb][vc_empty_space][vc_video link=\u00a0\u00bbhttps:\/\/vimeo.com\/672376672&Prime; align=\u00a0\u00bbcenter\u00a0\u00bb][vc_empty_space][vc_video link=\u00a0\u00bbhttps:\/\/vimeo.com\/510138300&Prime; align=\u00a0\u00bbcenter\u00a0\u00bb][vc_empty_space][vc_video link=\u00a0\u00bbhttps:\/\/vimeo.com\/510139084&Prime; align=\u00a0\u00bbcenter\u00a0\u00bb][\/vc_tab][\/vc_tabs][\/vc_column][\/vc_row][vc_row css_animation=\u00a0\u00bb\u00a0\u00bb row_type=\u00a0\u00bbrow\u00a0\u00bb use_row_as_full_screen_section=\u00a0\u00bbno\u00a0\u00bb type=\u00a0\u00bbfull_width\u00a0\u00bb angled_section=\u00a0\u00bbno\u00a0\u00bb text_align=\u00a0\u00bbleft\u00a0\u00bb background_image_as_pattern=\u00a0\u00bbwithout_pattern\u00a0\u00bb][vc_column][\/vc_column][\/vc_row]<\/p>\n","protected":false},"excerpt":{"rendered":"<p>[vc_row css_animation=\u00a0\u00bb\u00a0\u00bb row_type=\u00a0\u00bbrow\u00a0\u00bb use_row_as_full_screen_section=\u00a0\u00bbno\u00a0\u00bb type=\u00a0\u00bbgrid\u00a0\u00bb angled_section=\u00a0\u00bbno\u00a0\u00bb text_align=\u00a0\u00bbleft\u00a0\u00bb background_image_as_pattern=\u00a0\u00bbwithout_pattern\u00a0\u00bb][vc_column][vc_single_image image=\u00a0\u00bb2049&Prime; img_size=\u00a0\u00bb1150X272&Prime; alignment=\u00a0\u00bbcenter\u00a0\u00bb qode_css_animation=\u00a0\u00bb\u00a0\u00bb][\/vc_column][\/vc_row][vc_row css_animation=\u00a0\u00bb\u00a0\u00bb row_type=\u00a0\u00bbrow\u00a0\u00bb use_row_as_full_screen_section=\u00a0\u00bbno\u00a0\u00bb type=\u00a0\u00bbfull_width\u00a0\u00bb angled_section=\u00a0\u00bbno\u00a0\u00bb text_align=\u00a0\u00bbleft\u00a0\u00bb background_image_as_pattern=\u00a0\u00bbwithout_pattern\u00a0\u00bb][vc_column][vc_tabs style=\u00a0\u00bbhorizontal\u00a0\u00bb][vc_tab title=\u00a0\u00bbimages\u00a0\u00bb tab_id=\u00a0\u00bb1484684479300-2-3&Prime;][vc_gallery interval=\u00a0\u00bb3&Prime; images=\u00a0\u00bb2045&Prime; img_size=\u00a0\u00bbfull\u00a0\u00bb][\/vc_tab][vc_tab title=\u00a0\u00bbinfos\u00a0\u00bb tab_id=\u00a0\u00bb0dc78f23-7047-7&Prime;][vc_column_text] 01.12.21 &#8211; 09.01.22 : Tous les soirs, accompagnez Les R\u00e9parateurs dans leur tourn\u00e9e nocturne \u00e0 la recherche d&rsquo;anomalies&#8230;<\/p>\n","protected":false},"author":2,"featured_media":0,"parent":0,"menu_order":0,"comment_status":"closed","ping_status":"closed","template":"","meta":[],"_links":{"self":[{"href":"https:\/\/cine3d.ch\/index.php?rest_route=\/wp\/v2\/pages\/2019"}],"collection":[{"href":"https:\/\/cine3d.ch\/index.php?rest_route=\/wp\/v2\/pages"}],"about":[{"href":"https:\/\/cine3d.ch\/index.php?rest_route=\/wp\/v2\/types\/page"}],"author":[{"embeddable":true,"href":"https:\/\/cine3d.ch\/index.php?rest_route=\/wp\/v2\/users\/2"}],"replies":[{"embeddable":true,"href":"https:\/\/cine3d.ch\/index.php?rest_route=%2Fwp%2Fv2%2Fcomments&post=2019"}],"version-history":[{"count":19,"href":"https:\/\/cine3d.ch\/index.php?rest_route=\/wp\/v2\/pages\/2019\/revisions"}],"predecessor-version":[{"id":2065,"href":"https:\/\/cine3d.ch\/index.php?rest_route=\/wp\/v2\/pages\/2019\/revisions\/2065"}],"wp:attachment":[{"href":"https:\/\/cine3d.ch\/index.php?rest_route=%2Fwp%2Fv2%2Fmedia&parent=2019"}],"curies":[{"name":"wp","href":"https:\/\/api.w.org\/{rel}","templated":true}]}}