{"id":2121,"date":"2023-04-16T15:53:57","date_gmt":"2023-04-16T14:53:57","guid":{"rendered":"http:\/\/cine3d.ch\/?page_id=2121"},"modified":"2025-11-13T17:38:55","modified_gmt":"2025-11-13T16:38:55","slug":"museographie","status":"publish","type":"page","link":"https:\/\/cine3d.ch\/?page_id=2121","title":{"rendered":"mus\u00e9ographie"},"content":{"rendered":"<p>[vc_row css_animation=\u00a0\u00bb\u00a0\u00bb row_type=\u00a0\u00bbrow\u00a0\u00bb use_row_as_full_screen_section=\u00a0\u00bbno\u00a0\u00bb type=\u00a0\u00bbfull_width\u00a0\u00bb angled_section=\u00a0\u00bbno\u00a0\u00bb text_align=\u00a0\u00bbleft\u00a0\u00bb background_image_as_pattern=\u00a0\u00bbwithout_pattern\u00a0\u00bb][vc_column][vc_column_text]<\/p>\n<ul>\n<li>2028 <a href=\"http:\/\/cine3d.ch\/?page_id=2155\">Nouvelle Maison du Gruy\u00e8re<\/a><\/li>\n<li>2025 <a href=\"https:\/\/cine3d.ch\/?page_id=2433\">La N\u00e9cessit\u00e9<\/a><\/li>\n<li>2025 <a href=\"https:\/\/cine3d.ch\/?page_id=2399\">La Bande M\u00e9canique<\/a><\/li>\n<li>2022 <a href=\"http:\/\/cine3d.ch\/?page_id=2149\">Ch\u00e2teau de Gruy\u00e8res<\/a><\/li>\n<li>2019 <a href=\"http:\/\/cine3d.ch\/?page_id=1729\">Mus\u00e9e d&rsquo;histoire naturelle de Fribourg<\/a><\/li>\n<\/ul>\n<p>[\/vc_column_text][\/vc_column][\/vc_row]<\/p>\n","protected":false},"excerpt":{"rendered":"<p>[vc_row css_animation=\u00a0\u00bb\u00a0\u00bb row_type=\u00a0\u00bbrow\u00a0\u00bb use_row_as_full_screen_section=\u00a0\u00bbno\u00a0\u00bb type=\u00a0\u00bbfull_width\u00a0\u00bb angled_section=\u00a0\u00bbno\u00a0\u00bb text_align=\u00a0\u00bbleft\u00a0\u00bb background_image_as_pattern=\u00a0\u00bbwithout_pattern\u00a0\u00bb][vc_column][vc_column_text] 2028 Nouvelle Maison du Gruy\u00e8re 2025 La N\u00e9cessit\u00e9 2025 La Bande M\u00e9canique 2022 Ch\u00e2teau de Gruy\u00e8res 2019 Mus\u00e9e d&rsquo;histoire naturelle de Fribourg [\/vc_column_text][\/vc_column][\/vc_row]<\/p>\n","protected":false},"author":2,"featured_media":0,"parent":0,"menu_order":0,"comment_status":"closed","ping_status":"closed","template":"","meta":[],"_links":{"self":[{"href":"https:\/\/cine3d.ch\/index.php?rest_route=\/wp\/v2\/pages\/2121"}],"collection":[{"href":"https:\/\/cine3d.ch\/index.php?rest_route=\/wp\/v2\/pages"}],"about":[{"href":"https:\/\/cine3d.ch\/index.php?rest_route=\/wp\/v2\/types\/page"}],"author":[{"embeddable":true,"href":"https:\/\/cine3d.ch\/index.php?rest_route=\/wp\/v2\/users\/2"}],"replies":[{"embeddable":true,"href":"https:\/\/cine3d.ch\/index.php?rest_route=%2Fwp%2Fv2%2Fcomments&post=2121"}],"version-history":[{"count":5,"href":"https:\/\/cine3d.ch\/index.php?rest_route=\/wp\/v2\/pages\/2121\/revisions"}],"predecessor-version":[{"id":2457,"href":"https:\/\/cine3d.ch\/index.php?rest_route=\/wp\/v2\/pages\/2121\/revisions\/2457"}],"wp:attachment":[{"href":"https:\/\/cine3d.ch\/index.php?rest_route=%2Fwp%2Fv2%2Fmedia&parent=2121"}],"curies":[{"name":"wp","href":"https:\/\/api.w.org\/{rel}","templated":true}]}}