{"id":2276,"date":"2024-03-10T12:15:37","date_gmt":"2024-03-10T11:15:37","guid":{"rendered":"http:\/\/cine3d.ch\/?page_id=2276"},"modified":"2024-03-10T12:53:38","modified_gmt":"2024-03-10T11:53:38","slug":"cest-beau-et-cest-pas-grave-2024","status":"publish","type":"page","link":"https:\/\/cine3d.ch\/?page_id=2276","title":{"rendered":"C&rsquo;est beau et c&rsquo;est pas grave (2024)"},"content":{"rendered":"<p>[vc_row css_animation=\u00a0\u00bb\u00a0\u00bb row_type=\u00a0\u00bbrow\u00a0\u00bb use_row_as_full_screen_section=\u00a0\u00bbno\u00a0\u00bb type=\u00a0\u00bbfull_width\u00a0\u00bb angled_section=\u00a0\u00bbno\u00a0\u00bb text_align=\u00a0\u00bbleft\u00a0\u00bb background_image_as_pattern=\u00a0\u00bbwithout_pattern\u00a0\u00bb][vc_column][vc_empty_space][vc_column_text]<\/p>\n<h1 style=\"text-align: center;\"><span style=\"color: #008080;\"><span style=\"color: #ffffff;\">C&rsquo;est beau et c&rsquo;est pas grave<br \/>\n<\/span><\/span><\/h1>\n<p>[\/vc_column_text][\/vc_column][\/vc_row][vc_row css_animation=\u00a0\u00bb\u00a0\u00bb row_type=\u00a0\u00bbrow\u00a0\u00bb use_row_as_full_screen_section=\u00a0\u00bbno\u00a0\u00bb type=\u00a0\u00bbfull_width\u00a0\u00bb angled_section=\u00a0\u00bbno\u00a0\u00bb text_align=\u00a0\u00bbleft\u00a0\u00bb background_image_as_pattern=\u00a0\u00bbwithout_pattern\u00a0\u00bb][vc_column][vc_empty_space][\/vc_column][\/vc_row][vc_row css_animation=\u00a0\u00bb\u00a0\u00bb row_type=\u00a0\u00bbrow\u00a0\u00bb use_row_as_full_screen_section=\u00a0\u00bbno\u00a0\u00bb type=\u00a0\u00bbfull_width\u00a0\u00bb angled_section=\u00a0\u00bbno\u00a0\u00bb text_align=\u00a0\u00bbleft\u00a0\u00bb background_image_as_pattern=\u00a0\u00bbwithout_pattern\u00a0\u00bb][vc_column][vc_tabs style=\u00a0\u00bbhorizontal\u00a0\u00bb][vc_tab title=\u00a0\u00bbimages\u00a0\u00bb tab_id=\u00a0\u00bb1681661309060-2-4&Prime;][vc_gallery interval=\u00a0\u00bb3&Prime; images=\u00a0\u00bb2299,2298,2297,2296,2295,2294,2293,2292,2291,2290,2289,2288,2287,2286,2285,2284,2283,2282,2281,2280,2279,2278,2300&Prime; img_size=\u00a0\u00bblarge\u00a0\u00bb][\/vc_tab][vc_tab title=\u00a0\u00bbPitch\u00a0\u00bb tab_id=\u00a0\u00bba5618a2d-977c-8&Prime;][vc_column_text]<\/p>\n<div title=\"Page 64\">\n<div>\n<div>\n<p>Quand l\u2019imaginaire joue avec le doute et chamboule nos certitudes.<\/p>\n<\/div>\n<\/div>\n<\/div>\n<p>Murphy et Quichotte se baladent au milieu de nulle part. Nulle part car cela pourrait bien \u00eatre n\u2019importe o\u00f9, quelque part ou ailleurs. Dans cet ailleurs, \u00e0 la recherche de mieux, elles tombent nez \u00e0 nez avec une chaise. Enfin, ce qu\u2019on appelle commun\u00e9ment \u00ab une chaise \u00bb, car nos deux amies ne sont pas dupes ! Ce qu\u2019on appelle une chaise pourrait bien \u00eatre un pi\u00e8ge&#8230; Dans la vie, il y a ce qu\u2019on explique et ce qu\u2019on n\u2019explique pas. Ce qu\u2019on n\u2019explique pas, parfois, \u00e7a fait peur. Et pourtant c\u2019est beau et c\u2019est pas grave de ne pas tout expliquer. Parce que de toute fa\u00e7on, ce qu\u2019on croit vrai, souvent, devient faux, et inversement.<br \/>\nApr\u00e8s le succ\u00e8s de <em>Non, j\u2019veux pas<\/em>, cr\u00e9\u00e9 en 2018, la Cie Marjolaine Minot revient \u00e0 Am Stram Gram pour une nouvelle cr\u00e9ation : une ode \u00e0 l\u2019imaginaire qui chamboule nos perceptions, bouscule nos certitudes et s\u00e8me joyeusement le doute\u2026 pour que nous ne cessions jamais d\u2019\u00eatre curieux\u00b7ses\u2009!<\/p>\n<p>&nbsp;<\/p>\n<p>Elvan, jeune esprit d\u2019Am Stram Gram, vous parle de <em>C&rsquo;est beau et c&rsquo;est pas grave<\/em> :<\/p>\n<p><em>\u00ab Imagine un d\u00e9sert. Un d\u00e9sert o\u00f9 on sait<\/em><br \/>\n<em>pas o\u00f9 on est. On sait m\u00eame pas si on<\/em><br \/>\n<em>est sur Terre, ou sur une autre plan\u00e8te&#8230;<\/em><\/p>\n<p><em>C\u2019est rond. Le sol, c\u2019est rond.<\/em><br \/>\n<em>Imagine, dans ce d\u00e9sert, il y a deux<\/em><br \/>\n<em>personnes.<\/em><\/p>\n<p><em>Elles n\u2019ont rien \u00e0 faire, nulle part o\u00f9<\/em><br \/>\n<em>aller. Alors des pens\u00e9es viennent&#8230; et<\/em><br \/>\n<em>des \u00e9toiles. Les \u00e9toiles, c\u2019est bien,<\/em><br \/>\n<em>on peut se baigner dedans.<\/em><\/p>\n<p><em>Je nage dans les \u00e9toiles&#8230; une CHAISE<\/em><br \/>\n<em>appara\u00eet&#8230; Non attends, elle est o\u00f9 ? Et les<\/em><br \/>\n<em>autres ? C\u2019\u00e9tait quoi ? J\u2019ai r\u00eav\u00e9 ? \u00bb<\/em>[\/vc_column_text][\/vc_tab][vc_tab title=\u00a0\u00bbEquipe\u00a0\u00bb tab_id=\u00a0\u00bb1484770926199-5-7&Prime;][vc_column_text]<\/p>\n<div class=\"spectacle_date\">\n<h2>TH\u00c9\u00c2TRE AMSTRAMGRAM\u00a0 Gen\u00e8ve<\/h2>\n<p>&nbsp;<\/p>\n<p><strong>8 au 24 mars \/ En scolaire du 11 au 22 mars \/ D\u00e8s 8 ans \u00b7 1h05 env.<\/strong><\/p>\n<p>&nbsp;<\/p>\n<\/div>\n<p>CIE MARJOLAINE MINOT | Mise en sc\u00e8ne et \u00e9criture : Marjolaine Minot et Gu\u0308nther Baldauf | Jeu : Marjolaine Minot, C\u00e9line Rey | Sc\u00e9nographie, images et animations : Sam &amp; Fred Guillaume | Fabrication image : J\u00e9r\u00e9mie Dupraz | Construction sc\u00e9nographie : Ateliers du Lignon, Alexis Thi\u00e9mard | Int\u00e9gration vid\u00e9o : J\u00e9r\u00f4me Vernez | Lumi\u00e8re : R\u00e9mi Furrer | Construction chaises : Laurent Magnin | Conception et fabrication chaise morte : Sandra Pellet\u00a0| Musique, univers sonore : Adrien Rako | Costumes : Cinzia Fossati | R\u00e9alisation costumes : Natalie Egea | Maquillage : Katrine Zingg | Son : Jean Faravel | R\u00e9gie plateau : Fran\u00e7ois-Xavier Thien<\/p>\n<p><sup><span lang=\"fr-CH\">Production : Th\u00e9\u00e2tre Am Stram Gram \u2013 Gen\u00e8ve | Avec le soutien de la Ville de Gen\u00e8ve, du Pour-cent culturel Migros, de <\/span>la Fondation Baur et des Maisons Mainou <span lang=\"fr-CH\">|<\/span> Remerciements \u00e0 la Com\u00e9die de Gen\u00e8ve<\/sup><\/p>\n<p><a href=\"https:\/\/www.amstramgram.ch\/fr\/programme\/cest-beau-et-cest-pas-grave\">https:\/\/www.amstramgram.ch\/fr\/programme\/cest-beau-et-cest-pas-grave<\/a>[\/vc_column_text][\/vc_tab][vc_tab title=\u00a0\u00bbpresse\u00a0\u00bb tab_id=\u00a0\u00bb1710070167644-3-2&Prime;][vc_column_text]Le Temps, 9 mars 2024[\/vc_column_text][vc_single_image image=\u00a0\u00bb2301&Prime; img_size=\u00a0\u00bbfull\u00a0\u00bb qode_css_animation=\u00a0\u00bb\u00a0\u00bb][\/vc_tab][\/vc_tabs][\/vc_column][\/vc_row][vc_row css_animation=\u00a0\u00bb\u00a0\u00bb row_type=\u00a0\u00bbrow\u00a0\u00bb use_row_as_full_screen_section=\u00a0\u00bbno\u00a0\u00bb type=\u00a0\u00bbfull_width\u00a0\u00bb angled_section=\u00a0\u00bbno\u00a0\u00bb text_align=\u00a0\u00bbleft\u00a0\u00bb background_image_as_pattern=\u00a0\u00bbwithout_pattern\u00a0\u00bb][vc_column][\/vc_column][\/vc_row]<\/p>\n","protected":false},"excerpt":{"rendered":"<p>[vc_row css_animation=\u00a0\u00bb\u00a0\u00bb row_type=\u00a0\u00bbrow\u00a0\u00bb use_row_as_full_screen_section=\u00a0\u00bbno\u00a0\u00bb type=\u00a0\u00bbfull_width\u00a0\u00bb angled_section=\u00a0\u00bbno\u00a0\u00bb text_align=\u00a0\u00bbleft\u00a0\u00bb background_image_as_pattern=\u00a0\u00bbwithout_pattern\u00a0\u00bb][vc_column][vc_empty_space][vc_column_text] C&rsquo;est beau et c&rsquo;est pas grave [\/vc_column_text][\/vc_column][\/vc_row][vc_row css_animation=\u00a0\u00bb\u00a0\u00bb row_type=\u00a0\u00bbrow\u00a0\u00bb use_row_as_full_screen_section=\u00a0\u00bbno\u00a0\u00bb type=\u00a0\u00bbfull_width\u00a0\u00bb angled_section=\u00a0\u00bbno\u00a0\u00bb text_align=\u00a0\u00bbleft\u00a0\u00bb background_image_as_pattern=\u00a0\u00bbwithout_pattern\u00a0\u00bb][vc_column][vc_empty_space][\/vc_column][\/vc_row][vc_row css_animation=\u00a0\u00bb\u00a0\u00bb row_type=\u00a0\u00bbrow\u00a0\u00bb use_row_as_full_screen_section=\u00a0\u00bbno\u00a0\u00bb type=\u00a0\u00bbfull_width\u00a0\u00bb angled_section=\u00a0\u00bbno\u00a0\u00bb text_align=\u00a0\u00bbleft\u00a0\u00bb background_image_as_pattern=\u00a0\u00bbwithout_pattern\u00a0\u00bb][vc_column][vc_tabs style=\u00a0\u00bbhorizontal\u00a0\u00bb][vc_tab title=\u00a0\u00bbimages\u00a0\u00bb tab_id=\u00a0\u00bb1681661309060-2-4&Prime;][vc_gallery interval=\u00a0\u00bb3&Prime; images=\u00a0\u00bb2299,2298,2297,2296,2295,2294,2293,2292,2291,2290,2289,2288,2287,2286,2285,2284,2283,2282,2281,2280,2279,2278,2300&Prime; img_size=\u00a0\u00bblarge\u00a0\u00bb][\/vc_tab][vc_tab title=\u00a0\u00bbPitch\u00a0\u00bb tab_id=\u00a0\u00bba5618a2d-977c-8&Prime;][vc_column_text] Quand l\u2019imaginaire joue avec le doute et chamboule&#8230;<\/p>\n","protected":false},"author":2,"featured_media":0,"parent":0,"menu_order":0,"comment_status":"closed","ping_status":"closed","template":"","meta":[],"_links":{"self":[{"href":"https:\/\/cine3d.ch\/index.php?rest_route=\/wp\/v2\/pages\/2276"}],"collection":[{"href":"https:\/\/cine3d.ch\/index.php?rest_route=\/wp\/v2\/pages"}],"about":[{"href":"https:\/\/cine3d.ch\/index.php?rest_route=\/wp\/v2\/types\/page"}],"author":[{"embeddable":true,"href":"https:\/\/cine3d.ch\/index.php?rest_route=\/wp\/v2\/users\/2"}],"replies":[{"embeddable":true,"href":"https:\/\/cine3d.ch\/index.php?rest_route=%2Fwp%2Fv2%2Fcomments&post=2276"}],"version-history":[{"count":11,"href":"https:\/\/cine3d.ch\/index.php?rest_route=\/wp\/v2\/pages\/2276\/revisions"}],"predecessor-version":[{"id":2315,"href":"https:\/\/cine3d.ch\/index.php?rest_route=\/wp\/v2\/pages\/2276\/revisions\/2315"}],"wp:attachment":[{"href":"https:\/\/cine3d.ch\/index.php?rest_route=%2Fwp%2Fv2%2Fmedia&parent=2276"}],"curies":[{"name":"wp","href":"https:\/\/api.w.org\/{rel}","templated":true}]}}