{"id":2319,"date":"2024-11-16T13:14:20","date_gmt":"2024-11-16T12:14:20","guid":{"rendered":"http:\/\/cine3d.ch\/?page_id=2319"},"modified":"2025-01-11T18:44:25","modified_gmt":"2025-01-11T17:44:25","slug":"a-m-o-r-choisir-sans-renoncer-2024","status":"publish","type":"page","link":"https:\/\/cine3d.ch\/?page_id=2319","title":{"rendered":"A M O R choisir sans renoncer (2024)"},"content":{"rendered":"<p>[vc_row css_animation=\u00a0\u00bb\u00a0\u00bb row_type=\u00a0\u00bbrow\u00a0\u00bb use_row_as_full_screen_section=\u00a0\u00bbno\u00a0\u00bb type=\u00a0\u00bbfull_width\u00a0\u00bb angled_section=\u00a0\u00bbno\u00a0\u00bb text_align=\u00a0\u00bbleft\u00a0\u00bb background_image_as_pattern=\u00a0\u00bbwithout_pattern\u00a0\u00bb][vc_column][vc_empty_space][vc_column_text]<\/p>\n<h1 style=\"text-align: center;\"><span style=\"color: #008080;\"><span style=\"color: #ffffff;\">A M O R choisir sans renoncer<\/span><\/span><\/h1>\n<p>[\/vc_column_text][\/vc_column][\/vc_row][vc_row css_animation=\u00a0\u00bb\u00a0\u00bb row_type=\u00a0\u00bbrow\u00a0\u00bb use_row_as_full_screen_section=\u00a0\u00bbno\u00a0\u00bb type=\u00a0\u00bbfull_width\u00a0\u00bb angled_section=\u00a0\u00bbno\u00a0\u00bb text_align=\u00a0\u00bbleft\u00a0\u00bb background_image_as_pattern=\u00a0\u00bbwithout_pattern\u00a0\u00bb][vc_column][vc_empty_space][\/vc_column][\/vc_row][vc_row css_animation=\u00a0\u00bb\u00a0\u00bb row_type=\u00a0\u00bbrow\u00a0\u00bb use_row_as_full_screen_section=\u00a0\u00bbno\u00a0\u00bb type=\u00a0\u00bbfull_width\u00a0\u00bb angled_section=\u00a0\u00bbno\u00a0\u00bb text_align=\u00a0\u00bbleft\u00a0\u00bb background_image_as_pattern=\u00a0\u00bbwithout_pattern\u00a0\u00bb][vc_column][vc_tabs style=\u00a0\u00bbhorizontal\u00a0\u00bb][vc_tab title=\u00a0\u00bbimages\u00a0\u00bb tab_id=\u00a0\u00bb1681661309060-2-4&Prime;][vc_gallery interval=\u00a0\u00bb3&Prime; images=\u00a0\u00bb2332,2320,2321,2322,2323,2324,2325,2326,2327,2328,2331&Prime; img_size=\u00a0\u00bblarge\u00a0\u00bb][\/vc_tab][vc_tab title=\u00a0\u00bbPr\u00e9viz\u00a0\u00bb tab_id=\u00a0\u00bb1736616775257-4-3&Prime;][vc_column_text]Comme pour tous les travaux de sc\u00e9nographie que nous r\u00e9alisons, la pr\u00e9visualisation 3D est un outil central de la phase de d\u00e9veloppement. Cela permet de s&rsquo;assurer que les \u00e9l\u00e9ments soient adapt\u00e9s \u00e0 chaque salle, de communiquer facilement avec l&rsquo;\u00e9quipe et de pouvoir \u00e9laborer un budget de fabrication r\u00e9aliste.[\/vc_column_text][vc_gallery interval=\u00a0\u00bb3&Prime; images=\u00a0\u00bb2367,2365,2363,2366,2369&Prime; img_size=\u00a0\u00bblarge\u00a0\u00bb][\/vc_tab][vc_tab title=\u00a0\u00bbPitch\u00a0\u00bb tab_id=\u00a0\u00bba5618a2d-977c-8&Prime;][vc_column_text]Le couple, cl\u00e9 de vo\u00fbte de nos cultures occidentales, semble \u00eatre un mod\u00e8le qui r\u00e9siste aux modes et au temps. Mais est-ce vraiment le cas ? Le choisit-on par conviction, par peur de finir solitaire ou par paresse d\u2019essayer autre chose ? Comment repenser cet arch\u00e9type au regard des r\u00e9volutions f\u00e9ministes et des nouvelles structures familiales ? Apr\u00e8s les succ\u00e8s de <em>La po\u00e9sie de l\u2019\u00e9chec<\/em> et de <em>Je suis plusieurs<\/em>, la compagnie Marjolaine Minot s\u2019attaque \u00e0 une figure fondamentale de nos soci\u00e9t\u00e9s \u00e0 travers un face \u00e0 face, celui d\u2019un homme (Guillaume Prin) et d\u2019une femme (Marjolaine Minot) en plein doute.[\/vc_column_text][\/vc_tab][vc_tab title=\u00a0\u00bbEquipe\u00a0\u00bb tab_id=\u00a0\u00bb1484770926199-5-7&Prime;][vc_column_text]<\/p>\n<div class=\"credit\">\n<p class=\"p1\"><span class=\"s1\"><strong>conception :\u00a0<\/strong>G\u00fcnther Baldauf,\u00a0Marjolaine Minot\u00a0et Guillaume Prin<\/span><br \/>\n<span class=\"s1\"><strong>\u00e9criture et\u00a0dramaturgie th\u00e9matique :\u00a0<\/strong>Marjolaine Minot et Margot Prod\u2019hom<\/span><br \/>\n<span class=\"s1\"><strong>mise en sc\u00e8ne :\u00a0<\/strong>G\u00fcnther Baldauf<\/span><br \/>\n<span class=\"s1\"><strong>\u00e9criture de plateau et jeu :\u00a0<\/strong>Marjolaine Minot et Guillaume Prin<\/span><br \/>\n<span class=\"s1\"><strong>cr\u00e9ation sc\u00e9nographie et miniatures :\u00a0<\/strong>Sam &amp; Fred Guillaume<\/span><br \/>\n<span class=\"s1\"><strong>cr\u00e9ation musique :\u00a0<\/strong>Adrien Rako<\/span><br \/>\n<span class=\"s1\"><strong>conception sonore :\u00a0<\/strong>Florian Pittet<\/span><br \/>\n<span class=\"s1\"><strong>cr\u00e9ation lumi\u00e8re :\u00a0<\/strong>Ga\u00ebl Chapuis<\/span><br \/>\n<span class=\"s1\"><strong>cr\u00e9ation costumes :\u00a0<\/strong>Cinzia Fossati<\/span><br \/>\n<span class=\"s1\"><strong>construction miniatures :\u00a0<\/strong>Laurent Magnin, Ga\u00ebl Chapuis, Sam et Fred Guillaume<\/span><br \/>\n<span class=\"s1\"><strong>assistanat production :\u00a0<\/strong>Camille Denkinger<\/span><br \/>\n<span class=\"s1\"><strong>r\u00e9gie lumi\u00e8res :\u00a0<\/strong>Jeremy Schwab, Ga\u00ebl Chapuis<\/span><br \/>\n<span class=\"s1\"><strong>administration :\u00a0<\/strong>Aur\u00e9lie Cavin, Marie-Paule Bugnon<\/span><\/p>\n<p><span class=\"s1\"><strong>Production :<\/strong> Cie Marjolaine Minot<\/span><br \/>\n<span class=\"s1\"><strong>coproduction :<\/strong> Equilibre-Nuithonie &#8211; Fribourg<\/span><\/p>\n<p><span class=\"s1\"><strong>soutiens :<\/strong> Etat de Fribourg, Loterie romande, Ernst G\u00f6hner, SSA, Corodis<\/span><\/p>\n<p><strong>avec la participation de<\/strong> Victoire Tuaillon<br \/>\n<strong>un grand merci pour vos t\u00e9moignages<\/strong><span class=\"s1\"><strong> :<\/strong><\/span> Urs, S\u00e9bastien, Rachel, Sidonie, Aloune, Margaux, Surya, Lalie, C\u00e9dric, Zemzem, Delphine, David, Camille, Chica, Manu et Fanny<br \/>\n<strong>merci aux psychologues<\/strong> Frederic Leuba et Thomas Renz pour leurs soutiens et relectures<\/p>\n<p><span class=\"s2\"><strong>\u00a9<\/strong>AKIM photography<\/span><\/p>\n<\/div>\n<p>[\/vc_column_text][\/vc_tab][vc_tab title=\u00a0\u00bbpresse\u00a0\u00bb tab_id=\u00a0\u00bb1710070167644-3-2&Prime;][vc_column_text]Le Temps, 9 mars 2024[\/vc_column_text][vc_single_image image=\u00a0\u00bb2335&Prime; img_size=\u00a0\u00bbfull\u00a0\u00bb qode_css_animation=\u00a0\u00bb\u00a0\u00bb][\/vc_tab][\/vc_tabs][\/vc_column][\/vc_row][vc_row css_animation=\u00a0\u00bb\u00a0\u00bb row_type=\u00a0\u00bbrow\u00a0\u00bb use_row_as_full_screen_section=\u00a0\u00bbno\u00a0\u00bb type=\u00a0\u00bbfull_width\u00a0\u00bb angled_section=\u00a0\u00bbno\u00a0\u00bb text_align=\u00a0\u00bbleft\u00a0\u00bb background_image_as_pattern=\u00a0\u00bbwithout_pattern\u00a0\u00bb][vc_column][\/vc_column][\/vc_row]<\/p>\n","protected":false},"excerpt":{"rendered":"<p>[vc_row css_animation=\u00a0\u00bb\u00a0\u00bb row_type=\u00a0\u00bbrow\u00a0\u00bb use_row_as_full_screen_section=\u00a0\u00bbno\u00a0\u00bb type=\u00a0\u00bbfull_width\u00a0\u00bb angled_section=\u00a0\u00bbno\u00a0\u00bb text_align=\u00a0\u00bbleft\u00a0\u00bb background_image_as_pattern=\u00a0\u00bbwithout_pattern\u00a0\u00bb][vc_column][vc_empty_space][vc_column_text] A M O R choisir sans renoncer [\/vc_column_text][\/vc_column][\/vc_row][vc_row css_animation=\u00a0\u00bb\u00a0\u00bb row_type=\u00a0\u00bbrow\u00a0\u00bb use_row_as_full_screen_section=\u00a0\u00bbno\u00a0\u00bb type=\u00a0\u00bbfull_width\u00a0\u00bb angled_section=\u00a0\u00bbno\u00a0\u00bb text_align=\u00a0\u00bbleft\u00a0\u00bb background_image_as_pattern=\u00a0\u00bbwithout_pattern\u00a0\u00bb][vc_column][vc_empty_space][\/vc_column][\/vc_row][vc_row css_animation=\u00a0\u00bb\u00a0\u00bb row_type=\u00a0\u00bbrow\u00a0\u00bb use_row_as_full_screen_section=\u00a0\u00bbno\u00a0\u00bb type=\u00a0\u00bbfull_width\u00a0\u00bb angled_section=\u00a0\u00bbno\u00a0\u00bb text_align=\u00a0\u00bbleft\u00a0\u00bb background_image_as_pattern=\u00a0\u00bbwithout_pattern\u00a0\u00bb][vc_column][vc_tabs style=\u00a0\u00bbhorizontal\u00a0\u00bb][vc_tab title=\u00a0\u00bbimages\u00a0\u00bb tab_id=\u00a0\u00bb1681661309060-2-4&Prime;][vc_gallery interval=\u00a0\u00bb3&Prime; images=\u00a0\u00bb2332,2320,2321,2322,2323,2324,2325,2326,2327,2328,2331&Prime; img_size=\u00a0\u00bblarge\u00a0\u00bb][\/vc_tab][vc_tab title=\u00a0\u00bbPr\u00e9viz\u00a0\u00bb tab_id=\u00a0\u00bb1736616775257-4-3&Prime;][vc_column_text]Comme pour tous les travaux de sc\u00e9nographie que&#8230;<\/p>\n","protected":false},"author":2,"featured_media":0,"parent":0,"menu_order":0,"comment_status":"closed","ping_status":"closed","template":"","meta":[],"_links":{"self":[{"href":"https:\/\/cine3d.ch\/index.php?rest_route=\/wp\/v2\/pages\/2319"}],"collection":[{"href":"https:\/\/cine3d.ch\/index.php?rest_route=\/wp\/v2\/pages"}],"about":[{"href":"https:\/\/cine3d.ch\/index.php?rest_route=\/wp\/v2\/types\/page"}],"author":[{"embeddable":true,"href":"https:\/\/cine3d.ch\/index.php?rest_route=\/wp\/v2\/users\/2"}],"replies":[{"embeddable":true,"href":"https:\/\/cine3d.ch\/index.php?rest_route=%2Fwp%2Fv2%2Fcomments&post=2319"}],"version-history":[{"count":8,"href":"https:\/\/cine3d.ch\/index.php?rest_route=\/wp\/v2\/pages\/2319\/revisions"}],"predecessor-version":[{"id":2370,"href":"https:\/\/cine3d.ch\/index.php?rest_route=\/wp\/v2\/pages\/2319\/revisions\/2370"}],"wp:attachment":[{"href":"https:\/\/cine3d.ch\/index.php?rest_route=%2Fwp%2Fv2%2Fmedia&parent=2319"}],"curies":[{"name":"wp","href":"https:\/\/api.w.org\/{rel}","templated":true}]}}